{"id":45,"date":"2020-03-27T06:27:02","date_gmt":"2020-03-27T09:27:02","guid":{"rendered":"https:\/\/masatermica.com\/blog\/?page_id=45"},"modified":"2023-02-10T09:45:58","modified_gmt":"2023-02-10T12:45:58","slug":"quienes-somos","status":"publish","type":"page","link":"https:\/\/masatermica.online\/blog\/?page_id=45","title":{"rendered":"Quienes somos"},"content":{"rendered":"<div class=\"wp-block-image is-style-rounded\">\n<figure class=\"aligncenter size-large is-resized\"><img data-recalc-dims=\"1\" fetchpriority=\"high\" decoding=\"async\" data-attachment-id=\"914\" data-permalink=\"https:\/\/masatermica.online\/blog\/?attachment_id=914\" data-orig-file=\"https:\/\/i0.wp.com\/masatermica.online\/blog\/wp-content\/uploads\/2021\/07\/cropped-LogoBl.png?fit=512%2C512&amp;ssl=1\" data-orig-size=\"512,512\" data-comments-opened=\"1\" data-image-meta=\"{&quot;aperture&quot;:&quot;0&quot;,&quot;credit&quot;:&quot;&quot;,&quot;camera&quot;:&quot;&quot;,&quot;caption&quot;:&quot;&quot;,&quot;created_timestamp&quot;:&quot;0&quot;,&quot;copyright&quot;:&quot;&quot;,&quot;focal_length&quot;:&quot;0&quot;,&quot;iso&quot;:&quot;0&quot;,&quot;shutter_speed&quot;:&quot;0&quot;,&quot;title&quot;:&quot;&quot;,&quot;orientation&quot;:&quot;0&quot;}\" data-image-title=\"Masa T\u00e9rmica\" data-image-description=\"&lt;p&gt;Masa T\u00e9rmica&lt;\/p&gt;\n\" data-image-caption=\"&lt;p&gt;Masa T\u00e9rmica&lt;\/p&gt;\n\" data-medium-file=\"https:\/\/i0.wp.com\/masatermica.online\/blog\/wp-content\/uploads\/2021\/07\/cropped-LogoBl.png?fit=300%2C300&amp;ssl=1\" data-large-file=\"https:\/\/i0.wp.com\/masatermica.online\/blog\/wp-content\/uploads\/2021\/07\/cropped-LogoBl.png?fit=512%2C512&amp;ssl=1\" src=\"https:\/\/i0.wp.com\/masatermica.com\/blog\/wp-content\/uploads\/2021\/07\/cropped-LogoBl.png?resize=256%2C256&#038;ssl=1\" alt=\"Masa T\u00e9rmica\" class=\"wp-image-914\" width=\"256\" height=\"256\" srcset=\"https:\/\/i0.wp.com\/masatermica.online\/blog\/wp-content\/uploads\/2021\/07\/cropped-LogoBl.png?w=512&amp;ssl=1 512w, https:\/\/i0.wp.com\/masatermica.online\/blog\/wp-content\/uploads\/2021\/07\/cropped-LogoBl.png?resize=300%2C300&amp;ssl=1 300w, https:\/\/i0.wp.com\/masatermica.online\/blog\/wp-content\/uploads\/2021\/07\/cropped-LogoBl.png?resize=150%2C150&amp;ssl=1 150w, https:\/\/i0.wp.com\/masatermica.online\/blog\/wp-content\/uploads\/2021\/07\/cropped-LogoBl.png?resize=100%2C100&amp;ssl=1 100w, https:\/\/i0.wp.com\/masatermica.online\/blog\/wp-content\/uploads\/2021\/07\/cropped-LogoBl.png?resize=270%2C270&amp;ssl=1 270w, https:\/\/i0.wp.com\/masatermica.online\/blog\/wp-content\/uploads\/2021\/07\/cropped-LogoBl.png?resize=192%2C192&amp;ssl=1 192w, https:\/\/i0.wp.com\/masatermica.online\/blog\/wp-content\/uploads\/2021\/07\/cropped-LogoBl.png?resize=180%2C180&amp;ssl=1 180w, https:\/\/i0.wp.com\/masatermica.online\/blog\/wp-content\/uploads\/2021\/07\/cropped-LogoBl.png?resize=32%2C32&amp;ssl=1 32w\" sizes=\"(max-width: 256px) 100vw, 256px\" \/><\/figure><\/div>\n\n\n<p>La vida en las monta\u00f1as de la <strong>Patagonia Argentina<\/strong> nos impuls\u00f3 a investigar las mejores formas de calefacci\u00f3n, y as\u00ed conocimos las <strong>estufas<\/strong> <strong>Gymse<\/strong> y <strong>Rocket<\/strong>. Ambas familias de estufas pueden extraer entre el 70% y el 90% del poder cal\u00f3rico de la le\u00f1a, a diferencia de las estufas de metal que solo extraen el 30%. Adem\u00e1s poseen materiales densos y refractarios que se calientan mientras las estufas est\u00e1n prendidas, y <strong>liberan el calor de a poco cuando ya est\u00e1n apagadas<\/strong>, dando calor durante horas <strong>a\u00fan sin fuego activo<\/strong>. Desde hace m\u00e1s de ocho a\u00f1os dise\u00f1amos y construimos estufas de masa, hornos y cocinas.<\/p>\n\n\n<div class=\"wp-block-image is-style-rounded\">\n<figure class=\"aligncenter size-large is-resized\"><img data-recalc-dims=\"1\" decoding=\"async\" data-attachment-id=\"621\" data-permalink=\"https:\/\/masatermica.online\/blog\/?attachment_id=621#main\" data-orig-file=\"https:\/\/i0.wp.com\/masatermica.online\/blog\/wp-content\/uploads\/2020\/10\/0002-3.jpeg?fit=1024%2C768&amp;ssl=1\" data-orig-size=\"1024,768\" data-comments-opened=\"1\" data-image-meta=\"{&quot;aperture&quot;:&quot;0&quot;,&quot;credit&quot;:&quot;&quot;,&quot;camera&quot;:&quot;&quot;,&quot;caption&quot;:&quot;&quot;,&quot;created_timestamp&quot;:&quot;0&quot;,&quot;copyright&quot;:&quot;&quot;,&quot;focal_length&quot;:&quot;0&quot;,&quot;iso&quot;:&quot;0&quot;,&quot;shutter_speed&quot;:&quot;0&quot;,&quot;title&quot;:&quot;&quot;,&quot;orientation&quot;:&quot;0&quot;}\" data-image-title=\"Masa T\u00e9rmica\" data-image-description=\"\" data-image-caption=\"\" data-medium-file=\"https:\/\/i0.wp.com\/masatermica.online\/blog\/wp-content\/uploads\/2020\/10\/0002-3.jpeg?fit=300%2C225&amp;ssl=1\" data-large-file=\"https:\/\/i0.wp.com\/masatermica.online\/blog\/wp-content\/uploads\/2020\/10\/0002-3.jpeg?fit=1024%2C768&amp;ssl=1\" src=\"https:\/\/i0.wp.com\/masatermica.com\/blog\/wp-content\/uploads\/2020\/10\/0002-3.jpeg?resize=512%2C384&#038;ssl=1\" alt=\"El equipo trabajando\" class=\"wp-image-621\" width=\"512\" height=\"384\" srcset=\"https:\/\/i0.wp.com\/masatermica.online\/blog\/wp-content\/uploads\/2020\/10\/0002-3.jpeg?w=1024&amp;ssl=1 1024w, https:\/\/i0.wp.com\/masatermica.online\/blog\/wp-content\/uploads\/2020\/10\/0002-3.jpeg?resize=600%2C450&amp;ssl=1 600w, https:\/\/i0.wp.com\/masatermica.online\/blog\/wp-content\/uploads\/2020\/10\/0002-3.jpeg?resize=300%2C225&amp;ssl=1 300w, https:\/\/i0.wp.com\/masatermica.online\/blog\/wp-content\/uploads\/2020\/10\/0002-3.jpeg?resize=768%2C576&amp;ssl=1 768w\" sizes=\"(max-width: 512px) 100vw, 512px\" \/><\/figure><\/div>\n\n\n<div style=\"height:100px\" aria-hidden=\"true\" class=\"wp-block-spacer\"><\/div>\n\n\n\n<h1 class=\"wp-block-heading\">Qu\u00e9 hacemos<\/h1>\n\n\n\n<p id=\"block-e013e39e-ee70-4a55-8d62-e284b8142b33\">Construimos estufas y hornos orientados a mejorar la calidad de vida de nuestros usuarios. Consideramos que <strong>la calefacci\u00f3n a le\u00f1a debe ser una soluci\u00f3n placentera y confortable<\/strong>.<\/p>\n\n\n\n<p id=\"block-d58ff8c3-4ef4-4bc0-9dde-c5e78406bdf9\">Nuestros dispositivos est\u00e1n dise\u00f1ados para ser <strong>eficientes<\/strong>, porque as\u00ed reducen la necesidad de fraccionar y manipular le\u00f1a.<\/p>\n\n\n\n<p>Tambi\u00e9n brindamos cursos de construcci\u00f3n, tanto en modalidades online como presenciales, porque consideramos que para realizar un cambio real en el mundo, estas tecnolog\u00edas tienen que estar disponibles.<\/p>\n\n\n<div class=\"wp-block-image is-style-rounded\">\n<figure class=\"aligncenter is-resized\" id=\"block-4908e58c-cb6a-4c7f-b210-11bae4c628ce\"><img data-recalc-dims=\"1\" decoding=\"async\" src=\"https:\/\/i0.wp.com\/masatermica.online\/blog\/wp-content\/uploads\/2020\/05\/IMG_20200520_170234.jpg?resize=512%2C288&#038;ssl=1\" alt=\"La Dragona de Rinc\u00f3n de Lobos\" width=\"512\" height=\"288\"\/><\/figure><\/div>\n\n\n<p><\/p>\n","protected":false},"excerpt":{"rendered":"<p>La vida en las monta\u00f1as de la Patagonia Argentina nos impuls\u00f3 a investigar las mejores formas de calefacci\u00f3n, y as\u00ed conocimos las estufas Gymse y Rocket. Ambas familias de estufas pueden extraer entre el 70% y el 90% del poder cal\u00f3rico de la le\u00f1a, a diferencia de las estufas de metal que solo extraen el &#8230; <a title=\"Quienes somos\" class=\"read-more\" href=\"https:\/\/masatermica.online\/blog\/?page_id=45\" aria-label=\"M\u00e1s en Quienes somos\">Leer m\u00e1s<\/a><\/p>\n","protected":false},"author":2,"featured_media":0,"parent":0,"menu_order":0,"comment_status":"closed","ping_status":"closed","template":"","meta":{"give_campaign_id":0,"_monsterinsights_skip_tracking":false,"_monsterinsights_sitenote_active":false,"_monsterinsights_sitenote_note":"","_monsterinsights_sitenote_category":0,"advanced_seo_description":"","jetpack_seo_html_title":"","jetpack_seo_noindex":false,"footnotes":""},"class_list":["post-45","page","type-page","status-publish"],"campaignId":"","jetpack-related-posts":[{"id":1377,"url":"https:\/\/masatermica.online\/blog\/?page_id=1377","url_meta":{"origin":45,"position":0},"title":"Estufa Gymse Tradicional","author":"adminblog","date":"5 diciembre, 2021","format":false,"excerpt":"Im\u00e1genes de estufas Gymse tradicionales","rel":"","context":"Entrada similar ","block_context":{"text":"Entrada similar ","link":""},"img":{"alt_text":"Gymse tradicional con chimenea torsionada","src":"https:\/\/i0.wp.com\/masatermica.online\/blog\/wp-content\/uploads\/2022\/02\/photo4945485340915903179.jpg?resize=350%2C200&ssl=1","width":350,"height":200,"srcset":"https:\/\/i0.wp.com\/masatermica.online\/blog\/wp-content\/uploads\/2022\/02\/photo4945485340915903179.jpg?resize=350%2C200&ssl=1 1x, https:\/\/i0.wp.com\/masatermica.online\/blog\/wp-content\/uploads\/2022\/02\/photo4945485340915903179.jpg?resize=525%2C300&ssl=1 1.5x, https:\/\/i0.wp.com\/masatermica.online\/blog\/wp-content\/uploads\/2022\/02\/photo4945485340915903179.jpg?resize=700%2C400&ssl=1 2x, https:\/\/i0.wp.com\/masatermica.online\/blog\/wp-content\/uploads\/2022\/02\/photo4945485340915903179.jpg?resize=1050%2C600&ssl=1 3x"},"classes":[]},{"id":1544,"url":"https:\/\/masatermica.online\/blog\/?page_id=1544","url_meta":{"origin":45,"position":1},"title":"Estufa Patag\u00f3nica","author":"adminblog","date":"23 abril, 2022","format":false,"excerpt":"Un modelo que combina eficiencia, econom\u00eda y sostenibilidad en un dise\u00f1o elegante y compacto. Esta estufa de masa t\u00e9rmica es capaz de emitir calor instant\u00e1neamente, mientras mantiene un consumo de le\u00f1a m\u00ednimo. Pese a ser nuestro modelo m\u00e1s econ\u00f3mico, su calidad y rendimiento est\u00e1n a la altura de las expectativas\u2026","rel":"","context":"Entrada similar ","block_context":{"text":"Entrada similar ","link":""},"img":{"alt_text":"","src":"https:\/\/i0.wp.com\/masatermica.online\/blog\/wp-content\/uploads\/2023\/03\/photo_4945354391658015896_y.jpg?resize=350%2C200&ssl=1","width":350,"height":200,"srcset":"https:\/\/i0.wp.com\/masatermica.online\/blog\/wp-content\/uploads\/2023\/03\/photo_4945354391658015896_y.jpg?resize=350%2C200&ssl=1 1x, https:\/\/i0.wp.com\/masatermica.online\/blog\/wp-content\/uploads\/2023\/03\/photo_4945354391658015896_y.jpg?resize=525%2C300&ssl=1 1.5x, https:\/\/i0.wp.com\/masatermica.online\/blog\/wp-content\/uploads\/2023\/03\/photo_4945354391658015896_y.jpg?resize=700%2C400&ssl=1 2x, https:\/\/i0.wp.com\/masatermica.online\/blog\/wp-content\/uploads\/2023\/03\/photo_4945354391658015896_y.jpg?resize=1050%2C600&ssl=1 3x"},"classes":[]},{"id":2847,"url":"https:\/\/masatermica.online\/blog\/?page_id=2847","url_meta":{"origin":45,"position":2},"title":"Estufa Patag\u00f3nica con Horno","author":"adminblog","date":"17 marzo, 2023","format":false,"excerpt":"Una versi\u00f3n mejorada de nuestra aclamada Estufa Patag\u00f3nica que agrega una funcionalidad culinaria a su repertorio de caracter\u00edsticas destacadas. Este modelo incluye todas las prestaciones de la Estufa Patag\u00f3nica, con el agregado valioso de un horno blanco siempre activo. La Estufa Patag\u00f3nica con Horno te permite hornear a la vez\u2026","rel":"","context":"Entrada similar ","block_context":{"text":"Entrada similar ","link":""},"img":{"alt_text":"Ni\u00f1a en estufa de inercia t\u00e9rmica","src":"https:\/\/i0.wp.com\/masatermica.online\/blog\/wp-content\/uploads\/2023\/03\/IMG_20221221_173151825.jpg?resize=350%2C200&ssl=1","width":350,"height":200,"srcset":"https:\/\/i0.wp.com\/masatermica.online\/blog\/wp-content\/uploads\/2023\/03\/IMG_20221221_173151825.jpg?resize=350%2C200&ssl=1 1x, https:\/\/i0.wp.com\/masatermica.online\/blog\/wp-content\/uploads\/2023\/03\/IMG_20221221_173151825.jpg?resize=525%2C300&ssl=1 1.5x, https:\/\/i0.wp.com\/masatermica.online\/blog\/wp-content\/uploads\/2023\/03\/IMG_20221221_173151825.jpg?resize=700%2C400&ssl=1 2x"},"classes":[]},{"id":1526,"url":"https:\/\/masatermica.online\/blog\/?page_id=1526","url_meta":{"origin":45,"position":3},"title":"Primer taller presencial de construcci\u00f3n de Gymse Combinada","author":"adminblog","date":"25 febrero, 2022","format":false,"excerpt":"Rese\u00f1a e im\u00e1genes del primer taller de construcci\u00f3n de estufa Gymse Combinada en Chacra Millalen","rel":"","context":"Entrada similar ","block_context":{"text":"Entrada similar ","link":""},"img":{"alt_text":"","src":"https:\/\/i0.wp.com\/masatermica.online\/blog\/wp-content\/uploads\/2022\/03\/IMG_20220228_220054_518.webp?resize=350%2C200&ssl=1","width":350,"height":200,"srcset":"https:\/\/i0.wp.com\/masatermica.online\/blog\/wp-content\/uploads\/2022\/03\/IMG_20220228_220054_518.webp?resize=350%2C200&ssl=1 1x, https:\/\/i0.wp.com\/masatermica.online\/blog\/wp-content\/uploads\/2022\/03\/IMG_20220228_220054_518.webp?resize=525%2C300&ssl=1 1.5x, https:\/\/i0.wp.com\/masatermica.online\/blog\/wp-content\/uploads\/2022\/03\/IMG_20220228_220054_518.webp?resize=700%2C400&ssl=1 2x, https:\/\/i0.wp.com\/masatermica.online\/blog\/wp-content\/uploads\/2022\/03\/IMG_20220228_220054_518.webp?resize=1050%2C600&ssl=1 3x"},"classes":[]},{"id":1402,"url":"https:\/\/masatermica.online\/blog\/?page_id=1402","url_meta":{"origin":45,"position":4},"title":"Estufa cocinera &#8220;Cook&#8221;","author":"adminblog","date":"5 diciembre, 2021","format":false,"excerpt":"Un modelo que lleva la calefacci\u00f3n y la cocina a un nuevo nivel de eficiencia y conveniencia. Esta estufa cuenta con una plancha para cocinar, la cual puede variar en tama\u00f1o desde una peque\u00f1a hasta una tan grande como las de las viejas cocinas econ\u00f3micas. Adem\u00e1s, ofrece la ventaja de\u2026","rel":"","context":"Entrada similar ","block_context":{"text":"Entrada similar ","link":""},"img":{"alt_text":"","src":"https:\/\/i0.wp.com\/masatermica.online\/blog\/wp-content\/uploads\/2022\/02\/IMG_4074retouchlille-1.jpg?resize=350%2C200&ssl=1","width":350,"height":200,"srcset":"https:\/\/i0.wp.com\/masatermica.online\/blog\/wp-content\/uploads\/2022\/02\/IMG_4074retouchlille-1.jpg?resize=350%2C200&ssl=1 1x, https:\/\/i0.wp.com\/masatermica.online\/blog\/wp-content\/uploads\/2022\/02\/IMG_4074retouchlille-1.jpg?resize=525%2C300&ssl=1 1.5x, https:\/\/i0.wp.com\/masatermica.online\/blog\/wp-content\/uploads\/2022\/02\/IMG_4074retouchlille-1.jpg?resize=700%2C400&ssl=1 2x"},"classes":[]},{"id":1812,"url":"https:\/\/masatermica.online\/blog\/?page_id=1812","url_meta":{"origin":45,"position":5},"title":"Cursos disponibles","author":"adminblog","date":"9 septiembre, 2022","format":false,"excerpt":"Cursos de construcci\u00f3n de estufas y hornos eficientes","rel":"","context":"Entrada similar ","block_context":{"text":"Entrada similar ","link":""},"img":{"alt_text":"","src":"https:\/\/i0.wp.com\/masatermica.online\/blog\/wp-content\/uploads\/2022\/04\/IMG_20221027_122510727.jpg?resize=350%2C200&ssl=1","width":350,"height":200,"srcset":"https:\/\/i0.wp.com\/masatermica.online\/blog\/wp-content\/uploads\/2022\/04\/IMG_20221027_122510727.jpg?resize=350%2C200&ssl=1 1x, https:\/\/i0.wp.com\/masatermica.online\/blog\/wp-content\/uploads\/2022\/04\/IMG_20221027_122510727.jpg?resize=525%2C300&ssl=1 1.5x, https:\/\/i0.wp.com\/masatermica.online\/blog\/wp-content\/uploads\/2022\/04\/IMG_20221027_122510727.jpg?resize=700%2C400&ssl=1 2x"},"classes":[]}],"jetpack_sharing_enabled":true,"jetpack_likes_enabled":false,"_links":{"self":[{"href":"https:\/\/masatermica.online\/blog\/index.php?rest_route=\/wp\/v2\/pages\/45","targetHints":{"allow":["GET"]}}],"collection":[{"href":"https:\/\/masatermica.online\/blog\/index.php?rest_route=\/wp\/v2\/pages"}],"about":[{"href":"https:\/\/masatermica.online\/blog\/index.php?rest_route=\/wp\/v2\/types\/page"}],"author":[{"embeddable":true,"href":"https:\/\/masatermica.online\/blog\/index.php?rest_route=\/wp\/v2\/users\/2"}],"replies":[{"embeddable":true,"href":"https:\/\/masatermica.online\/blog\/index.php?rest_route=%2Fwp%2Fv2%2Fcomments&post=45"}],"version-history":[{"count":3,"href":"https:\/\/masatermica.online\/blog\/index.php?rest_route=\/wp\/v2\/pages\/45\/revisions"}],"predecessor-version":[{"id":2633,"href":"https:\/\/masatermica.online\/blog\/index.php?rest_route=\/wp\/v2\/pages\/45\/revisions\/2633"}],"wp:attachment":[{"href":"https:\/\/masatermica.online\/blog\/index.php?rest_route=%2Fwp%2Fv2%2Fmedia&parent=45"}],"curies":[{"name":"wp","href":"https:\/\/api.w.org\/{rel}","templated":true}]}}