{"id":1812,"date":"2022-09-09T11:46:43","date_gmt":"2022-09-09T14:46:43","guid":{"rendered":"https:\/\/masatermica.com\/blog\/?page_id=1812"},"modified":"2023-02-11T12:03:59","modified_gmt":"2023-02-11T15:03:59","slug":"cursos","status":"publish","type":"page","link":"https:\/\/masatermica.online\/blog\/?page_id=1812","title":{"rendered":"Cursos disponibles"},"content":{"rendered":"\n<p>Nuestros cursos son 100% online, y est\u00e1n optimizados para que puedas aprender desde tu casa como si hubieras participado de una taller presencial.<\/p>\n\n\n\n<h2 class=\"wp-block-heading\">Curso de construcci\u00f3n de hornos de barro<\/h2>\n\n\n<div class=\"wp-block-image is-style-rounded\">\n<figure class=\"alignleft size-thumbnail is-resized\"><img data-recalc-dims=\"1\" decoding=\"async\" data-attachment-id=\"1991\" data-permalink=\"https:\/\/masatermica.online\/blog\/?attachment_id=1991#main\" data-orig-file=\"https:\/\/i0.wp.com\/masatermica.online\/blog\/wp-content\/uploads\/2022\/04\/IMG_20221027_122510727.jpg?fit=1037%2C1382&amp;ssl=1\" data-orig-size=\"1037,1382\" data-comments-opened=\"1\" data-image-meta=\"{&quot;aperture&quot;:&quot;1.7&quot;,&quot;credit&quot;:&quot;&quot;,&quot;camera&quot;:&quot;moto g(30)&quot;,&quot;caption&quot;:&quot;&quot;,&quot;created_timestamp&quot;:&quot;1666873512&quot;,&quot;copyright&quot;:&quot;&quot;,&quot;focal_length&quot;:&quot;4.74&quot;,&quot;iso&quot;:&quot;100&quot;,&quot;shutter_speed&quot;:&quot;0.0048076923076923&quot;,&quot;title&quot;:&quot;&quot;,&quot;orientation&quot;:&quot;1&quot;}\" data-image-title=\"IMG_20221027_122510727\" data-image-description=\"\" data-image-caption=\"\" data-medium-file=\"https:\/\/i0.wp.com\/masatermica.online\/blog\/wp-content\/uploads\/2022\/04\/IMG_20221027_122510727.jpg?fit=225%2C300&amp;ssl=1\" data-large-file=\"https:\/\/i0.wp.com\/masatermica.online\/blog\/wp-content\/uploads\/2022\/04\/IMG_20221027_122510727.jpg?fit=768%2C1024&amp;ssl=1\" src=\"https:\/\/i0.wp.com\/masatermica.com\/blog\/wp-content\/uploads\/2022\/04\/IMG_20221027_122510727-150x150.jpg?resize=192%2C256&#038;ssl=1\" alt=\"\" class=\"wp-image-1991\" width=\"192\" height=\"256\" srcset=\"https:\/\/i0.wp.com\/masatermica.online\/blog\/wp-content\/uploads\/2022\/04\/IMG_20221027_122510727.jpg?resize=225%2C300&amp;ssl=1 225w, https:\/\/i0.wp.com\/masatermica.online\/blog\/wp-content\/uploads\/2022\/04\/IMG_20221027_122510727.jpg?resize=768%2C1024&amp;ssl=1 768w, https:\/\/i0.wp.com\/masatermica.online\/blog\/wp-content\/uploads\/2022\/04\/IMG_20221027_122510727.jpg?resize=416%2C554&amp;ssl=1 416w, https:\/\/i0.wp.com\/masatermica.online\/blog\/wp-content\/uploads\/2022\/04\/IMG_20221027_122510727.jpg?w=1037&amp;ssl=1 1037w\" sizes=\"(max-width: 192px) 100vw, 192px\" \/><\/figure><\/div>\n\n\n<p>Aprende a construir un horno de barro eficiente y duradero para el patio de tu casa y\/o un horno comercial m\u00e1s grande. <\/p>\n\n\n\n<div class=\"wp-block-buttons is-layout-flex wp-block-buttons-is-layout-flex\">\n<div class=\"wp-block-button\"><a class=\"wp-block-button__link wp-element-button\" href=\"https:\/\/masatermica.com\/productos\/curso-de-construccion-de-hornos-de-barro-y-ladrillos\/\">M\u00e1s informaci\u00f3n<\/a><\/div>\n<\/div>\n\n\n\n<hr class=\"wp-block-separator has-alpha-channel-opacity is-style-wide\"\/>\n\n\n\n<h2 class=\"wp-block-heading\">Curso de construcci\u00f3n de estufas Gymse<\/h2>\n\n\n<div class=\"wp-block-image is-style-rounded\">\n<figure class=\"alignright size-thumbnail\"><img data-recalc-dims=\"1\" decoding=\"async\" width=\"150\" height=\"150\" data-attachment-id=\"1842\" data-permalink=\"https:\/\/masatermica.online\/blog\/?attachment_id=1842\" data-orig-file=\"https:\/\/i0.wp.com\/masatermica.online\/blog\/wp-content\/uploads\/2022\/09\/photo4945485340915903183-edited.jpg?fit=819%2C1024&amp;ssl=1\" data-orig-size=\"819,1024\" data-comments-opened=\"1\" data-image-meta=\"{&quot;aperture&quot;:&quot;0&quot;,&quot;credit&quot;:&quot;&quot;,&quot;camera&quot;:&quot;&quot;,&quot;caption&quot;:&quot;&quot;,&quot;created_timestamp&quot;:&quot;0&quot;,&quot;copyright&quot;:&quot;&quot;,&quot;focal_length&quot;:&quot;0&quot;,&quot;iso&quot;:&quot;0&quot;,&quot;shutter_speed&quot;:&quot;0&quot;,&quot;title&quot;:&quot;&quot;,&quot;orientation&quot;:&quot;0&quot;}\" data-image-title=\"photo4945485340915903183\" data-image-description=\"\" data-image-caption=\"&lt;p&gt;Gymse Tradicional&lt;\/p&gt;\n\" data-medium-file=\"https:\/\/i0.wp.com\/masatermica.online\/blog\/wp-content\/uploads\/2022\/09\/photo4945485340915903183-edited.jpg?fit=240%2C300&amp;ssl=1\" data-large-file=\"https:\/\/i0.wp.com\/masatermica.online\/blog\/wp-content\/uploads\/2022\/09\/photo4945485340915903183-edited.jpg?fit=819%2C1024&amp;ssl=1\" src=\"https:\/\/i0.wp.com\/masatermica.com\/blog\/wp-content\/uploads\/2022\/09\/photo4945485340915903183-edited-150x150.jpg?resize=150%2C150&#038;ssl=1\" alt=\"\" class=\"wp-image-1842\" srcset=\"https:\/\/i0.wp.com\/masatermica.online\/blog\/wp-content\/uploads\/2022\/09\/photo4945485340915903183-edited.jpg?resize=150%2C150&amp;ssl=1 150w, https:\/\/i0.wp.com\/masatermica.online\/blog\/wp-content\/uploads\/2022\/09\/photo4945485340915903183-edited.jpg?resize=324%2C324&amp;ssl=1 324w, https:\/\/i0.wp.com\/masatermica.online\/blog\/wp-content\/uploads\/2022\/09\/photo4945485340915903183-edited.jpg?resize=100%2C100&amp;ssl=1 100w, https:\/\/i0.wp.com\/masatermica.online\/blog\/wp-content\/uploads\/2022\/09\/photo4945485340915903183-edited.jpg?zoom=3&amp;resize=150%2C150&amp;ssl=1 450w\" sizes=\"(max-width: 150px) 100vw, 150px\" \/><figcaption class=\"wp-element-caption\">Gymse Tradicional<\/figcaption><\/figure><\/div>\n\n\n<p>Las estufas Gymse fueron dise\u00f1adas en Dinamarca por Lars Helbro, y son el mejor dispositivo de calefacci\u00f3n a le\u00f1a disponible en la actualidad en America del Sur. Gracias a su combusti\u00f3n eficiente utilizan todo el poder cal\u00f3rico de la le\u00f1a, y gracias a su banco de masa t\u00e9rmica dan calor durante m\u00e1s de 12 horas, mejorando la calidad de vida de sus usuarios.<\/p>\n\n\n\n<div class=\"wp-block-buttons is-layout-flex wp-block-buttons-is-layout-flex\">\n<div class=\"wp-block-button\"><a class=\"wp-block-button__link wp-element-button\" href=\"https:\/\/masatermica.com\/productos\/curso-de-construccion-de-estufas-gymse\/\">M\u00e1s informaci\u00f3n<\/a><\/div>\n<\/div>\n\n\n\n<hr class=\"wp-block-separator alignwide has-alpha-channel-opacity is-style-wide\"\/>\n\n\n\n<h2 class=\"wp-block-heading\">Curso de construcci\u00f3n de Gymse combinada con horno<\/h2>\n\n\n<div class=\"wp-block-image is-style-rounded\">\n<figure class=\"alignleft size-thumbnail\"><img data-recalc-dims=\"1\" decoding=\"async\" width=\"150\" height=\"150\" data-attachment-id=\"1462\" data-permalink=\"https:\/\/masatermica.online\/blog\/?attachment_id=1462#main\" data-orig-file=\"https:\/\/i0.wp.com\/masatermica.online\/blog\/wp-content\/uploads\/2022\/02\/photo4945485340915903168.jpg?fit=1080%2C1080&amp;ssl=1\" data-orig-size=\"1080,1080\" data-comments-opened=\"1\" data-image-meta=\"{&quot;aperture&quot;:&quot;0&quot;,&quot;credit&quot;:&quot;&quot;,&quot;camera&quot;:&quot;&quot;,&quot;caption&quot;:&quot;&quot;,&quot;created_timestamp&quot;:&quot;0&quot;,&quot;copyright&quot;:&quot;&quot;,&quot;focal_length&quot;:&quot;0&quot;,&quot;iso&quot;:&quot;0&quot;,&quot;shutter_speed&quot;:&quot;0&quot;,&quot;title&quot;:&quot;&quot;,&quot;orientation&quot;:&quot;0&quot;}\" data-image-title=\"photo4945485340915903168\" data-image-description=\"\" data-image-caption=\"\" data-medium-file=\"https:\/\/i0.wp.com\/masatermica.online\/blog\/wp-content\/uploads\/2022\/02\/photo4945485340915903168.jpg?fit=300%2C300&amp;ssl=1\" data-large-file=\"https:\/\/i0.wp.com\/masatermica.online\/blog\/wp-content\/uploads\/2022\/02\/photo4945485340915903168.jpg?fit=1024%2C1024&amp;ssl=1\" src=\"https:\/\/i0.wp.com\/masatermica.com\/blog\/wp-content\/uploads\/2022\/02\/photo4945485340915903168-150x150.jpg?resize=150%2C150&#038;ssl=1\" alt=\"\" class=\"wp-image-1462\" srcset=\"https:\/\/i0.wp.com\/masatermica.online\/blog\/wp-content\/uploads\/2022\/02\/photo4945485340915903168.jpg?resize=150%2C150&amp;ssl=1 150w, https:\/\/i0.wp.com\/masatermica.online\/blog\/wp-content\/uploads\/2022\/02\/photo4945485340915903168.jpg?resize=300%2C300&amp;ssl=1 300w, https:\/\/i0.wp.com\/masatermica.online\/blog\/wp-content\/uploads\/2022\/02\/photo4945485340915903168.jpg?resize=1024%2C1024&amp;ssl=1 1024w, https:\/\/i0.wp.com\/masatermica.online\/blog\/wp-content\/uploads\/2022\/02\/photo4945485340915903168.jpg?resize=768%2C768&amp;ssl=1 768w, https:\/\/i0.wp.com\/masatermica.online\/blog\/wp-content\/uploads\/2022\/02\/photo4945485340915903168.jpg?resize=324%2C324&amp;ssl=1 324w, https:\/\/i0.wp.com\/masatermica.online\/blog\/wp-content\/uploads\/2022\/02\/photo4945485340915903168.jpg?resize=416%2C416&amp;ssl=1 416w, https:\/\/i0.wp.com\/masatermica.online\/blog\/wp-content\/uploads\/2022\/02\/photo4945485340915903168.jpg?resize=100%2C100&amp;ssl=1 100w, https:\/\/i0.wp.com\/masatermica.online\/blog\/wp-content\/uploads\/2022\/02\/photo4945485340915903168.jpg?w=1080&amp;ssl=1 1080w\" sizes=\"(max-width: 150px) 100vw, 150px\" \/><\/figure><\/div>\n\n\n<p>Una especializaci\u00f3n del curso de estufas Gymse, donde te ense\u00f1amos a agregar un horno blanco al hermoso dise\u00f1o de Lars Helbro. <\/p>\n\n\n\n<div class=\"wp-block-buttons is-layout-flex wp-block-buttons-is-layout-flex\">\n<div class=\"wp-block-button\"><a class=\"wp-block-button__link wp-element-button\" href=\"https:\/\/masatermica.com\/productos\/curso-de-construccion-de-estufas-gymse-combinada\/\">M\u00e1s informaci\u00f3n<\/a><\/div>\n<\/div>\n\n\n\n<hr class=\"wp-block-separator alignwide has-alpha-channel-opacity is-style-wide\"\/>\n\n\n\n<h1 class=\"wp-block-heading\">Combos y promociones<\/h1>\n\n\n\n<h2 class=\"wp-block-heading\">Combo Gymse + Gymse combinada<\/h2>\n\n\n<div class=\"wp-block-image\">\n<figure class=\"alignright size-thumbnail\"><img data-recalc-dims=\"1\" loading=\"lazy\" decoding=\"async\" width=\"150\" height=\"150\" data-attachment-id=\"2569\" data-permalink=\"https:\/\/masatermica.online\/blog\/?attachment_id=2569\" data-orig-file=\"https:\/\/i0.wp.com\/masatermica.online\/blog\/wp-content\/uploads\/2022\/05\/Copia-de-Post-para-Instagram-Combo-De-Helado-Pegatinas-De-Pizza-Cian-Naranja-Amarillo1.png?fit=1080%2C1080&amp;ssl=1\" data-orig-size=\"1080,1080\" data-comments-opened=\"1\" data-image-meta=\"{&quot;aperture&quot;:&quot;0&quot;,&quot;credit&quot;:&quot;&quot;,&quot;camera&quot;:&quot;&quot;,&quot;caption&quot;:&quot;&quot;,&quot;created_timestamp&quot;:&quot;0&quot;,&quot;copyright&quot;:&quot;&quot;,&quot;focal_length&quot;:&quot;0&quot;,&quot;iso&quot;:&quot;0&quot;,&quot;shutter_speed&quot;:&quot;0&quot;,&quot;title&quot;:&quot;&quot;,&quot;orientation&quot;:&quot;0&quot;}\" data-image-title=\"Copia de Post para Instagram Combo De Helado Pegatinas De Pizza Cian Naranja Amarillo(1)\" data-image-description=\"\" data-image-caption=\"\" data-medium-file=\"https:\/\/i0.wp.com\/masatermica.online\/blog\/wp-content\/uploads\/2022\/05\/Copia-de-Post-para-Instagram-Combo-De-Helado-Pegatinas-De-Pizza-Cian-Naranja-Amarillo1.png?fit=300%2C300&amp;ssl=1\" data-large-file=\"https:\/\/i0.wp.com\/masatermica.online\/blog\/wp-content\/uploads\/2022\/05\/Copia-de-Post-para-Instagram-Combo-De-Helado-Pegatinas-De-Pizza-Cian-Naranja-Amarillo1.png?fit=1024%2C1024&amp;ssl=1\" src=\"https:\/\/i0.wp.com\/masatermica.com\/blog\/wp-content\/uploads\/2022\/05\/Copia-de-Post-para-Instagram-Combo-De-Helado-Pegatinas-De-Pizza-Cian-Naranja-Amarillo1-150x150.png?resize=150%2C150&#038;ssl=1\" alt=\"\" class=\"wp-image-2569\" srcset=\"https:\/\/i0.wp.com\/masatermica.online\/blog\/wp-content\/uploads\/2022\/05\/Copia-de-Post-para-Instagram-Combo-De-Helado-Pegatinas-De-Pizza-Cian-Naranja-Amarillo1.png?resize=150%2C150&amp;ssl=1 150w, https:\/\/i0.wp.com\/masatermica.online\/blog\/wp-content\/uploads\/2022\/05\/Copia-de-Post-para-Instagram-Combo-De-Helado-Pegatinas-De-Pizza-Cian-Naranja-Amarillo1.png?resize=300%2C300&amp;ssl=1 300w, https:\/\/i0.wp.com\/masatermica.online\/blog\/wp-content\/uploads\/2022\/05\/Copia-de-Post-para-Instagram-Combo-De-Helado-Pegatinas-De-Pizza-Cian-Naranja-Amarillo1.png?resize=1024%2C1024&amp;ssl=1 1024w, https:\/\/i0.wp.com\/masatermica.online\/blog\/wp-content\/uploads\/2022\/05\/Copia-de-Post-para-Instagram-Combo-De-Helado-Pegatinas-De-Pizza-Cian-Naranja-Amarillo1.png?resize=768%2C768&amp;ssl=1 768w, https:\/\/i0.wp.com\/masatermica.online\/blog\/wp-content\/uploads\/2022\/05\/Copia-de-Post-para-Instagram-Combo-De-Helado-Pegatinas-De-Pizza-Cian-Naranja-Amarillo1.png?resize=324%2C324&amp;ssl=1 324w, https:\/\/i0.wp.com\/masatermica.online\/blog\/wp-content\/uploads\/2022\/05\/Copia-de-Post-para-Instagram-Combo-De-Helado-Pegatinas-De-Pizza-Cian-Naranja-Amarillo1.png?resize=416%2C416&amp;ssl=1 416w, https:\/\/i0.wp.com\/masatermica.online\/blog\/wp-content\/uploads\/2022\/05\/Copia-de-Post-para-Instagram-Combo-De-Helado-Pegatinas-De-Pizza-Cian-Naranja-Amarillo1.png?resize=100%2C100&amp;ssl=1 100w, https:\/\/i0.wp.com\/masatermica.online\/blog\/wp-content\/uploads\/2022\/05\/Copia-de-Post-para-Instagram-Combo-De-Helado-Pegatinas-De-Pizza-Cian-Naranja-Amarillo1.png?w=1080&amp;ssl=1 1080w\" sizes=\"(max-width: 150px) 100vw, 150px\" \/><\/figure><\/div>\n\n\n<p>Los dos cursos juntos a valor promocional<\/p>\n\n\n\n<div class=\"wp-block-buttons is-layout-flex wp-block-buttons-is-layout-flex\">\n<div class=\"wp-block-button\"><a class=\"wp-block-button__link wp-element-button\" href=\"https:\/\/masatermica.com\/productos\/combo-estufas-gymse-gymse-combinada\/\">M\u00e1s informaci\u00f3n<\/a><\/div>\n<\/div>\n\n\n\n<hr class=\"wp-block-separator alignwide has-alpha-channel-opacity is-style-wide\"\/>\n\n\n\n<h2 class=\"wp-block-heading\">Plan Experto<\/h2>\n\n\n<div class=\"wp-block-image\">\n<figure class=\"alignleft size-thumbnail\"><img data-recalc-dims=\"1\" loading=\"lazy\" decoding=\"async\" width=\"150\" height=\"150\" data-attachment-id=\"2567\" data-permalink=\"https:\/\/masatermica.online\/blog\/?attachment_id=2567\" data-orig-file=\"https:\/\/i0.wp.com\/masatermica.online\/blog\/wp-content\/uploads\/2022\/06\/Copia-de-Copia-de-Copia-de-Copia-de-Copia-de-Copia-de-Copia-de-Copia-de-Copia-de-Curso-online-de-construccion.png?fit=1080%2C1080&amp;ssl=1\" data-orig-size=\"1080,1080\" data-comments-opened=\"1\" data-image-meta=\"{&quot;aperture&quot;:&quot;0&quot;,&quot;credit&quot;:&quot;&quot;,&quot;camera&quot;:&quot;&quot;,&quot;caption&quot;:&quot;&quot;,&quot;created_timestamp&quot;:&quot;0&quot;,&quot;copyright&quot;:&quot;&quot;,&quot;focal_length&quot;:&quot;0&quot;,&quot;iso&quot;:&quot;0&quot;,&quot;shutter_speed&quot;:&quot;0&quot;,&quot;title&quot;:&quot;&quot;,&quot;orientation&quot;:&quot;0&quot;}\" data-image-title=\"Copia de Copia de Copia de Copia de Copia de Copia de Copia de Copia de Copia de Curso online de construcci\u00f3n\" data-image-description=\"\" data-image-caption=\"\" data-medium-file=\"https:\/\/i0.wp.com\/masatermica.online\/blog\/wp-content\/uploads\/2022\/06\/Copia-de-Copia-de-Copia-de-Copia-de-Copia-de-Copia-de-Copia-de-Copia-de-Copia-de-Curso-online-de-construccion.png?fit=300%2C300&amp;ssl=1\" data-large-file=\"https:\/\/i0.wp.com\/masatermica.online\/blog\/wp-content\/uploads\/2022\/06\/Copia-de-Copia-de-Copia-de-Copia-de-Copia-de-Copia-de-Copia-de-Copia-de-Copia-de-Curso-online-de-construccion.png?fit=1024%2C1024&amp;ssl=1\" src=\"https:\/\/i0.wp.com\/masatermica.online\/blog\/wp-content\/uploads\/2022\/06\/Copia-de-Copia-de-Copia-de-Copia-de-Copia-de-Copia-de-Copia-de-Copia-de-Copia-de-Curso-online-de-construccion.png?resize=150%2C150&#038;ssl=1\" alt=\"\" class=\"wp-image-2567\" srcset=\"https:\/\/i0.wp.com\/masatermica.online\/blog\/wp-content\/uploads\/2022\/06\/Copia-de-Copia-de-Copia-de-Copia-de-Copia-de-Copia-de-Copia-de-Copia-de-Copia-de-Curso-online-de-construccion.png?resize=150%2C150&amp;ssl=1 150w, https:\/\/i0.wp.com\/masatermica.online\/blog\/wp-content\/uploads\/2022\/06\/Copia-de-Copia-de-Copia-de-Copia-de-Copia-de-Copia-de-Copia-de-Copia-de-Copia-de-Curso-online-de-construccion.png?resize=300%2C300&amp;ssl=1 300w, https:\/\/i0.wp.com\/masatermica.online\/blog\/wp-content\/uploads\/2022\/06\/Copia-de-Copia-de-Copia-de-Copia-de-Copia-de-Copia-de-Copia-de-Copia-de-Copia-de-Curso-online-de-construccion.png?resize=1024%2C1024&amp;ssl=1 1024w, https:\/\/i0.wp.com\/masatermica.online\/blog\/wp-content\/uploads\/2022\/06\/Copia-de-Copia-de-Copia-de-Copia-de-Copia-de-Copia-de-Copia-de-Copia-de-Copia-de-Curso-online-de-construccion.png?resize=768%2C768&amp;ssl=1 768w, https:\/\/i0.wp.com\/masatermica.online\/blog\/wp-content\/uploads\/2022\/06\/Copia-de-Copia-de-Copia-de-Copia-de-Copia-de-Copia-de-Copia-de-Copia-de-Copia-de-Curso-online-de-construccion.png?resize=324%2C324&amp;ssl=1 324w, https:\/\/i0.wp.com\/masatermica.online\/blog\/wp-content\/uploads\/2022\/06\/Copia-de-Copia-de-Copia-de-Copia-de-Copia-de-Copia-de-Copia-de-Copia-de-Copia-de-Curso-online-de-construccion.png?resize=416%2C416&amp;ssl=1 416w, https:\/\/i0.wp.com\/masatermica.online\/blog\/wp-content\/uploads\/2022\/06\/Copia-de-Copia-de-Copia-de-Copia-de-Copia-de-Copia-de-Copia-de-Copia-de-Copia-de-Curso-online-de-construccion.png?resize=100%2C100&amp;ssl=1 100w, https:\/\/i0.wp.com\/masatermica.online\/blog\/wp-content\/uploads\/2022\/06\/Copia-de-Copia-de-Copia-de-Copia-de-Copia-de-Copia-de-Copia-de-Copia-de-Copia-de-Curso-online-de-construccion.png?w=1080&amp;ssl=1 1080w\" sizes=\"(max-width: 150px) 100vw, 150px\" \/><\/figure><\/div>\n\n\n<p>Acceso a todos los cursos de la plataforma<\/p>\n\n\n\n<div class=\"wp-block-buttons is-layout-flex wp-block-buttons-is-layout-flex\">\n<div class=\"wp-block-button\"><a class=\"wp-block-button__link wp-element-button\" href=\"https:\/\/masatermica.com\/productos\/plan-experto-acceso-a-todos-los-cursos\/\">M\u00e1s informaci\u00f3n<\/a><\/div>\n<\/div>\n","protected":false},"excerpt":{"rendered":"<p>Cursos de construcci\u00f3n de estufas y hornos eficientes<\/p>\n","protected":false},"author":1,"featured_media":0,"parent":0,"menu_order":0,"comment_status":"open","ping_status":"closed","template":"","meta":{"give_campaign_id":0,"_monsterinsights_skip_tracking":false,"_monsterinsights_sitenote_active":false,"_monsterinsights_sitenote_note":"","_monsterinsights_sitenote_category":0,"advanced_seo_description":"","jetpack_seo_html_title":"","jetpack_seo_noindex":false,"footnotes":""},"class_list":["post-1812","page","type-page","status-publish"],"campaignId":"","jetpack-related-posts":[{"id":2926,"url":"https:\/\/masatermica.online\/blog\/?page_id=2926","url_meta":{"origin":1812,"position":0},"title":"Comprar por Paypal","author":"adminblog","date":"17 agosto, 2023","format":false,"excerpt":"Curso de construcci\u00f3n de hornos de barro Despu\u00e9s de tu compra ser\u00e1s redirigido a un formulario para enviarnos tu nombre y direcci\u00f3n de mail","rel":"","context":"Entrada similar ","block_context":{"text":"Entrada similar ","link":""},"img":{"alt_text":"","src":"","width":0,"height":0},"classes":[]},{"id":1520,"url":"https:\/\/masatermica.online\/blog\/?page_id=1520","url_meta":{"origin":1812,"position":1},"title":"Horno de barro y ladrillos","author":"adminblog","date":"22 febrero, 2022","format":false,"excerpt":"Una soluci\u00f3n de cocina cl\u00e1sica con un toque de eficiencia moderna. Este horno, con su ic\u00f3nico techo tipo b\u00f3veda, est\u00e1 dise\u00f1ado con las proporciones y materiales precisos para asegurar una cocci\u00f3n perfecta en cada uso. El Horno de Barro y Ladrillos es un claro testimonio de la excelencia artesanal. Construido\u2026","rel":"","context":"Entrada similar ","block_context":{"text":"Entrada similar ","link":""},"img":{"alt_text":"","src":"https:\/\/i0.wp.com\/masatermica.online\/blog\/wp-content\/uploads\/2026\/04\/WhatsApp-Image-2026-04-08-at-5.06.01-PM3.jpeg?resize=350%2C200&ssl=1","width":350,"height":200,"srcset":"https:\/\/i0.wp.com\/masatermica.online\/blog\/wp-content\/uploads\/2026\/04\/WhatsApp-Image-2026-04-08-at-5.06.01-PM3.jpeg?resize=350%2C200&ssl=1 1x, https:\/\/i0.wp.com\/masatermica.online\/blog\/wp-content\/uploads\/2026\/04\/WhatsApp-Image-2026-04-08-at-5.06.01-PM3.jpeg?resize=525%2C300&ssl=1 1.5x, https:\/\/i0.wp.com\/masatermica.online\/blog\/wp-content\/uploads\/2026\/04\/WhatsApp-Image-2026-04-08-at-5.06.01-PM3.jpeg?resize=700%2C400&ssl=1 2x"},"classes":[]},{"id":66,"url":"https:\/\/masatermica.online\/blog\/?page_id=66","url_meta":{"origin":1812,"position":2},"title":"Descargas","author":"Carlos Ponticelli","date":"27 marzo, 2020","format":false,"excerpt":"Bienvenido a la secci\u00f3n de descargas en Masa T\u00e9rmica. Aqu\u00ed, pondr\u00e9mos a tu disposici\u00f3n una cuidada selecci\u00f3n de bibliograf\u00eda, archivos y recursos digitales de alta calidad. Profundiza tus conocimientos en el fascinante mundo de las estufas de inercia t\u00e9rmica y hornos, y descubre el arte milenario de aprovechar al m\u00e1ximo\u2026","rel":"","context":"Entrada similar ","block_context":{"text":"Entrada similar ","link":""},"img":{"alt_text":"","src":"https:\/\/i0.wp.com\/masatermica.online\/blog\/wp-content\/uploads\/2023\/08\/Materiales-base-de-madera.png?resize=350%2C200&ssl=1","width":350,"height":200,"srcset":"https:\/\/i0.wp.com\/masatermica.online\/blog\/wp-content\/uploads\/2023\/08\/Materiales-base-de-madera.png?resize=350%2C200&ssl=1 1x, https:\/\/i0.wp.com\/masatermica.online\/blog\/wp-content\/uploads\/2023\/08\/Materiales-base-de-madera.png?resize=525%2C300&ssl=1 1.5x, https:\/\/i0.wp.com\/masatermica.online\/blog\/wp-content\/uploads\/2023\/08\/Materiales-base-de-madera.png?resize=700%2C400&ssl=1 2x"},"classes":[]},{"id":45,"url":"https:\/\/masatermica.online\/blog\/?page_id=45","url_meta":{"origin":1812,"position":3},"title":"Quienes somos","author":"Carlos Ponticelli","date":"27 marzo, 2020","format":false,"excerpt":"La vida en las monta\u00f1as de la Patagonia Argentina nos impuls\u00f3 a investigar las mejores formas de calefacci\u00f3n, y as\u00ed conocimos las estufas Gymse y Rocket. Ambas familias de estufas pueden extraer entre el 70% y el 90% del poder cal\u00f3rico de la le\u00f1a, a diferencia de las estufas de\u2026","rel":"","context":"Entrada similar ","block_context":{"text":"Entrada similar ","link":""},"img":{"alt_text":"Masa T\u00e9rmica","src":"https:\/\/i0.wp.com\/masatermica.online\/blog\/wp-content\/uploads\/2021\/07\/cropped-LogoBl.png?resize=350%2C200&ssl=1","width":350,"height":200},"classes":[]},{"id":1415,"url":"https:\/\/masatermica.online\/blog\/?page_id=1415","url_meta":{"origin":1812,"position":4},"title":"Gigante blanca","author":"adminblog","date":"5 diciembre, 2021","format":false,"excerpt":"Una verdadera obra maestra en el mundo de las estufas de masa t\u00e9rmica. Dise\u00f1ada y construida con la finalidad de satisfacer las necesidades de los espacios m\u00e1s amplios y con gran afluencia de personas, como hoteles y grandes establecimientos. Esta estufa se distingue por su gran c\u00e1mara de combusti\u00f3n que\u2026","rel":"","context":"Entrada similar ","block_context":{"text":"Entrada similar ","link":""},"img":{"alt_text":"Gigante Blanca en Hosteria Cuatro Lunas","src":"https:\/\/i0.wp.com\/masatermica.online\/blog\/wp-content\/uploads\/2024\/07\/IMG_20240620_154018-768x1024.jpg?resize=350%2C200&ssl=1","width":350,"height":200,"srcset":"https:\/\/i0.wp.com\/masatermica.online\/blog\/wp-content\/uploads\/2024\/07\/IMG_20240620_154018-768x1024.jpg?resize=350%2C200&ssl=1 1x, https:\/\/i0.wp.com\/masatermica.online\/blog\/wp-content\/uploads\/2024\/07\/IMG_20240620_154018-768x1024.jpg?resize=525%2C300&ssl=1 1.5x, https:\/\/i0.wp.com\/masatermica.online\/blog\/wp-content\/uploads\/2024\/07\/IMG_20240620_154018-768x1024.jpg?resize=700%2C400&ssl=1 2x"},"classes":[]},{"id":3519,"url":"https:\/\/masatermica.online\/blog\/?page_id=3519","url_meta":{"origin":1812,"position":5},"title":"C\u00f3ndor de fuego","author":"adminblog","date":"18 agosto, 2025","format":false,"excerpt":"C\u00f3ndor de Fuego Curso C\u00f3ndor \u00b7 ARS 99.000 Inscribirme ahora Curso online 12\u00a0horas de calor con 2\u00a0horas de fuego y horno incorporado Constru\u00ed tu C\u00f3ndor de Fuego: la estufa de inercia que entrega calor parejo toda la noche. Planos descargables, listas de materiales y videos HD paso a paso. *Resultados\u2026","rel":"","context":"Entrada similar ","block_context":{"text":"Entrada similar ","link":""},"img":{"alt_text":"IMG_1484","src":"https:\/\/i0.wp.com\/masatermica.online\/blog\/wp-content\/uploads\/2025\/01\/IMG_1484.jpg?w=236&h=315&ssl=1&resize=350%2C200","width":350,"height":200},"classes":[]}],"jetpack_sharing_enabled":true,"jetpack_likes_enabled":false,"_links":{"self":[{"href":"https:\/\/masatermica.online\/blog\/index.php?rest_route=\/wp\/v2\/pages\/1812","targetHints":{"allow":["GET"]}}],"collection":[{"href":"https:\/\/masatermica.online\/blog\/index.php?rest_route=\/wp\/v2\/pages"}],"about":[{"href":"https:\/\/masatermica.online\/blog\/index.php?rest_route=\/wp\/v2\/types\/page"}],"author":[{"embeddable":true,"href":"https:\/\/masatermica.online\/blog\/index.php?rest_route=\/wp\/v2\/users\/1"}],"replies":[{"embeddable":true,"href":"https:\/\/masatermica.online\/blog\/index.php?rest_route=%2Fwp%2Fv2%2Fcomments&post=1812"}],"version-history":[{"count":27,"href":"https:\/\/masatermica.online\/blog\/index.php?rest_route=\/wp\/v2\/pages\/1812\/revisions"}],"predecessor-version":[{"id":2834,"href":"https:\/\/masatermica.online\/blog\/index.php?rest_route=\/wp\/v2\/pages\/1812\/revisions\/2834"}],"wp:attachment":[{"href":"https:\/\/masatermica.online\/blog\/index.php?rest_route=%2Fwp%2Fv2%2Fmedia&parent=1812"}],"curies":[{"name":"wp","href":"https:\/\/api.w.org\/{rel}","templated":true}]}}