{"id":1520,"date":"2022-02-22T12:27:06","date_gmt":"2022-02-22T15:27:06","guid":{"rendered":"https:\/\/masatermica.com\/blog\/?page_id=1520"},"modified":"2026-04-08T17:14:22","modified_gmt":"2026-04-08T20:14:22","slug":"horno-de-barro-y-ladrillos","status":"publish","type":"page","link":"https:\/\/masatermica.online\/blog\/?page_id=1520","title":{"rendered":"Horno de barro y ladrillos"},"content":{"rendered":"\n<p>Una soluci\u00f3n de <strong>cocina cl\u00e1sica con un toque de eficiencia moderna<\/strong>. Este horno, con su ic\u00f3nico techo tipo b\u00f3veda, est\u00e1 dise\u00f1ado con las<strong> proporciones y materiales precisos para asegurar una cocci\u00f3n perfecta en cada uso<\/strong>.<\/p>\n\n\n<div class=\"wp-block-image is-style-rounded\">\n<figure class=\"aligncenter size-large\"><img data-recalc-dims=\"1\" fetchpriority=\"high\" decoding=\"async\" width=\"768\" height=\"1024\" data-attachment-id=\"3720\" data-permalink=\"https:\/\/masatermica.online\/blog\/?attachment_id=3720#main\" data-orig-file=\"https:\/\/i0.wp.com\/masatermica.online\/blog\/wp-content\/uploads\/2026\/04\/WhatsApp-Image-2026-04-08-at-5.06.01-PM3.jpeg?fit=960%2C1280&amp;ssl=1\" data-orig-size=\"960,1280\" data-comments-opened=\"1\" data-image-meta=\"{&quot;aperture&quot;:&quot;0&quot;,&quot;credit&quot;:&quot;&quot;,&quot;camera&quot;:&quot;&quot;,&quot;caption&quot;:&quot;&quot;,&quot;created_timestamp&quot;:&quot;0&quot;,&quot;copyright&quot;:&quot;&quot;,&quot;focal_length&quot;:&quot;0&quot;,&quot;iso&quot;:&quot;0&quot;,&quot;shutter_speed&quot;:&quot;0&quot;,&quot;title&quot;:&quot;&quot;,&quot;orientation&quot;:&quot;0&quot;}\" data-image-title=\"WhatsApp Image 2026-04-08 at 5.06.01 PM(3)\" data-image-description=\"\" data-image-caption=\"\" data-medium-file=\"https:\/\/i0.wp.com\/masatermica.online\/blog\/wp-content\/uploads\/2026\/04\/WhatsApp-Image-2026-04-08-at-5.06.01-PM3.jpeg?fit=225%2C300&amp;ssl=1\" data-large-file=\"https:\/\/i0.wp.com\/masatermica.online\/blog\/wp-content\/uploads\/2026\/04\/WhatsApp-Image-2026-04-08-at-5.06.01-PM3.jpeg?fit=768%2C1024&amp;ssl=1\" src=\"https:\/\/i0.wp.com\/masatermica.online\/blog\/wp-content\/uploads\/2026\/04\/WhatsApp-Image-2026-04-08-at-5.06.01-PM3.jpeg?resize=768%2C1024&#038;ssl=1\" alt=\"\" class=\"wp-image-3720\" srcset=\"https:\/\/i0.wp.com\/masatermica.online\/blog\/wp-content\/uploads\/2026\/04\/WhatsApp-Image-2026-04-08-at-5.06.01-PM3.jpeg?resize=768%2C1024&amp;ssl=1 768w, https:\/\/i0.wp.com\/masatermica.online\/blog\/wp-content\/uploads\/2026\/04\/WhatsApp-Image-2026-04-08-at-5.06.01-PM3.jpeg?resize=225%2C300&amp;ssl=1 225w, https:\/\/i0.wp.com\/masatermica.online\/blog\/wp-content\/uploads\/2026\/04\/WhatsApp-Image-2026-04-08-at-5.06.01-PM3.jpeg?w=960&amp;ssl=1 960w\" sizes=\"(max-width: 768px) 100vw, 768px\" \/><\/figure><\/div>\n\n\n<p>El Horno de Barro y Ladrillos es un claro testimonio de la <strong>excelencia artesanal.<\/strong> Construido con 200 ladrillos cocidos y 35 ladrillos refractarios, este horno ofrece una <strong>gran resistencia al calor<\/strong> y una <strong>durabilidad excepcional<\/strong>. Adem\u00e1s, toda la estructura del horno est\u00e1 aislada con lana de roca, garantizando un<strong> calor duradero y una eficiencia energ\u00e9tica alta.<\/strong><\/p>\n\n\n<div class=\"wp-block-image\">\n<figure class=\"aligncenter\"><img data-recalc-dims=\"1\" height=\"1024\" width=\"1024\" decoding=\"async\" src=\"https:\/\/i0.wp.com\/masatermica.online\/blog\/wp-content\/uploads\/2022\/01\/photo5172769126115027606.jpg?resize=1024%2C1024&#038;ssl=1\" alt=\"\"\/><\/figure><\/div>\n\n\n<p>En su versi\u00f3n mejorada, el piso y la zona central de la c\u00fapula pueden ser realizados con ladrillos refractarios de calidad seleccionada, asegurando un calor uniforme y duradero. Este dise\u00f1o <strong>permite<\/strong> cocinar <strong>pizzas a la piedra al mejor estilo napolitano<\/strong>, ofreciendo una <strong>experiencia culinaria aut\u00e9ntica en la comodidad de tu propio hogar<\/strong>.<\/p>\n\n\n<div class=\"wp-block-image\">\n<figure class=\"aligncenter size-large\"><img data-recalc-dims=\"1\" decoding=\"async\" width=\"768\" height=\"1024\" data-attachment-id=\"3010\" data-permalink=\"https:\/\/masatermica.online\/blog\/?attachment_id=3010#main\" data-orig-file=\"https:\/\/i0.wp.com\/masatermica.online\/blog\/wp-content\/uploads\/2024\/01\/03.jpg?fit=864%2C1152&amp;ssl=1\" data-orig-size=\"864,1152\" data-comments-opened=\"1\" data-image-meta=\"{&quot;aperture&quot;:&quot;1.7&quot;,&quot;credit&quot;:&quot;&quot;,&quot;camera&quot;:&quot;moto g(30)&quot;,&quot;caption&quot;:&quot;&quot;,&quot;created_timestamp&quot;:&quot;1705512586&quot;,&quot;copyright&quot;:&quot;&quot;,&quot;focal_length&quot;:&quot;4.74&quot;,&quot;iso&quot;:&quot;184&quot;,&quot;shutter_speed&quot;:&quot;0.03030303030303&quot;,&quot;title&quot;:&quot;&quot;,&quot;orientation&quot;:&quot;1&quot;}\" data-image-title=\"Frente Horno de Barro\" data-image-description=\"\" data-image-caption=\"\" data-medium-file=\"https:\/\/i0.wp.com\/masatermica.online\/blog\/wp-content\/uploads\/2024\/01\/03.jpg?fit=225%2C300&amp;ssl=1\" data-large-file=\"https:\/\/i0.wp.com\/masatermica.online\/blog\/wp-content\/uploads\/2024\/01\/03.jpg?fit=768%2C1024&amp;ssl=1\" src=\"https:\/\/i0.wp.com\/masatermica.online\/blog\/wp-content\/uploads\/2024\/01\/03.jpg?resize=768%2C1024&#038;ssl=1\" alt=\"\" class=\"wp-image-3010\" srcset=\"https:\/\/i0.wp.com\/masatermica.online\/blog\/wp-content\/uploads\/2024\/01\/03.jpg?resize=768%2C1024&amp;ssl=1 768w, https:\/\/i0.wp.com\/masatermica.online\/blog\/wp-content\/uploads\/2024\/01\/03.jpg?resize=225%2C300&amp;ssl=1 225w, https:\/\/i0.wp.com\/masatermica.online\/blog\/wp-content\/uploads\/2024\/01\/03.jpg?w=864&amp;ssl=1 864w\" sizes=\"(max-width: 768px) 100vw, 768px\" \/><\/figure><\/div>\n\n\n<p>El Horno de Barro y Ladrillos es una inversi\u00f3n en <strong>calidad, rendimiento y tradici\u00f3n culinaria<\/strong>. Si te apasiona la cocina y te encanta la idea de tener un horno de alta eficiencia con un toque cl\u00e1sico, este es el horno perfecto para ti.<\/p>\n\n\n<div class=\"wp-block-image\">\n<figure class=\"aligncenter size-large\"><img data-recalc-dims=\"1\" decoding=\"async\" width=\"768\" height=\"1024\" data-attachment-id=\"3011\" data-permalink=\"https:\/\/masatermica.online\/blog\/?attachment_id=3011#main\" data-orig-file=\"https:\/\/i0.wp.com\/masatermica.online\/blog\/wp-content\/uploads\/2024\/01\/07.jpg?fit=864%2C1152&amp;ssl=1\" data-orig-size=\"864,1152\" data-comments-opened=\"1\" data-image-meta=\"{&quot;aperture&quot;:&quot;1.7&quot;,&quot;credit&quot;:&quot;&quot;,&quot;camera&quot;:&quot;moto g(30)&quot;,&quot;caption&quot;:&quot;&quot;,&quot;created_timestamp&quot;:&quot;1705498808&quot;,&quot;copyright&quot;:&quot;&quot;,&quot;focal_length&quot;:&quot;4.74&quot;,&quot;iso&quot;:&quot;141&quot;,&quot;shutter_speed&quot;:&quot;0.01&quot;,&quot;title&quot;:&quot;&quot;,&quot;orientation&quot;:&quot;1&quot;}\" data-image-title=\"Horno de barro, vista por atr\u00e1s\" data-image-description=\"\" data-image-caption=\"\" data-medium-file=\"https:\/\/i0.wp.com\/masatermica.online\/blog\/wp-content\/uploads\/2024\/01\/07.jpg?fit=225%2C300&amp;ssl=1\" data-large-file=\"https:\/\/i0.wp.com\/masatermica.online\/blog\/wp-content\/uploads\/2024\/01\/07.jpg?fit=768%2C1024&amp;ssl=1\" src=\"https:\/\/i0.wp.com\/masatermica.online\/blog\/wp-content\/uploads\/2024\/01\/07.jpg?resize=768%2C1024&#038;ssl=1\" alt=\"\" class=\"wp-image-3011\" srcset=\"https:\/\/i0.wp.com\/masatermica.online\/blog\/wp-content\/uploads\/2024\/01\/07.jpg?resize=768%2C1024&amp;ssl=1 768w, https:\/\/i0.wp.com\/masatermica.online\/blog\/wp-content\/uploads\/2024\/01\/07.jpg?resize=225%2C300&amp;ssl=1 225w, https:\/\/i0.wp.com\/masatermica.online\/blog\/wp-content\/uploads\/2024\/01\/07.jpg?w=864&amp;ssl=1 864w\" sizes=\"(max-width: 768px) 100vw, 768px\" \/><\/figure><\/div>\n\n<div class=\"wp-block-image\">\n<figure class=\"aligncenter\"><img data-recalc-dims=\"1\" height=\"1024\" width=\"768\" decoding=\"async\" src=\"https:\/\/i0.wp.com\/masatermica.online\/blog\/wp-content\/uploads\/2022\/04\/IMG_20221027_122615140.jpg?resize=768%2C1024&#038;ssl=1\" alt=\"\"\/><\/figure><\/div>\n\n<div class=\"wp-block-image\">\n<figure class=\"aligncenter\"><img data-recalc-dims=\"1\" height=\"1024\" width=\"768\" decoding=\"async\" src=\"https:\/\/i0.wp.com\/masatermica.online\/blog\/wp-content\/uploads\/2022\/04\/IMG_20221013_203310884.jpg?resize=768%2C1024&#038;ssl=1\" alt=\"\"\/><\/figure><\/div>\n\n<div class=\"wp-block-image\">\n<figure class=\"aligncenter size-large\"><img data-recalc-dims=\"1\" loading=\"lazy\" decoding=\"async\" width=\"768\" height=\"1024\" data-attachment-id=\"3012\" data-permalink=\"https:\/\/masatermica.online\/blog\/?attachment_id=3012#main\" data-orig-file=\"https:\/\/i0.wp.com\/masatermica.online\/blog\/wp-content\/uploads\/2024\/01\/08.jpg?fit=864%2C1152&amp;ssl=1\" data-orig-size=\"864,1152\" data-comments-opened=\"1\" data-image-meta=\"{&quot;aperture&quot;:&quot;1.7&quot;,&quot;credit&quot;:&quot;&quot;,&quot;camera&quot;:&quot;moto g(30)&quot;,&quot;caption&quot;:&quot;&quot;,&quot;created_timestamp&quot;:&quot;1705517828&quot;,&quot;copyright&quot;:&quot;&quot;,&quot;focal_length&quot;:&quot;4.74&quot;,&quot;iso&quot;:&quot;1456&quot;,&quot;shutter_speed&quot;:&quot;0.071428571428571&quot;,&quot;title&quot;:&quot;&quot;,&quot;orientation&quot;:&quot;1&quot;}\" data-image-title=\"08\" data-image-description=\"\" data-image-caption=\"\" data-medium-file=\"https:\/\/i0.wp.com\/masatermica.online\/blog\/wp-content\/uploads\/2024\/01\/08.jpg?fit=225%2C300&amp;ssl=1\" data-large-file=\"https:\/\/i0.wp.com\/masatermica.online\/blog\/wp-content\/uploads\/2024\/01\/08.jpg?fit=768%2C1024&amp;ssl=1\" src=\"https:\/\/i0.wp.com\/masatermica.online\/blog\/wp-content\/uploads\/2024\/01\/08.jpg?resize=768%2C1024&#038;ssl=1\" alt=\"\" class=\"wp-image-3012\" srcset=\"https:\/\/i0.wp.com\/masatermica.online\/blog\/wp-content\/uploads\/2024\/01\/08.jpg?resize=768%2C1024&amp;ssl=1 768w, https:\/\/i0.wp.com\/masatermica.online\/blog\/wp-content\/uploads\/2024\/01\/08.jpg?resize=225%2C300&amp;ssl=1 225w, https:\/\/i0.wp.com\/masatermica.online\/blog\/wp-content\/uploads\/2024\/01\/08.jpg?w=864&amp;ssl=1 864w\" sizes=\"(max-width: 768px) 100vw, 768px\" \/><\/figure><\/div>\n\n<div class=\"wp-block-image\">\n<figure class=\"aligncenter\"><img data-recalc-dims=\"1\" height=\"1024\" width=\"768\" decoding=\"async\" src=\"https:\/\/i0.wp.com\/masatermica.online\/blog\/wp-content\/uploads\/2022\/04\/IMG_20220722_150239041.jpg?resize=768%2C1024&#038;ssl=1\" alt=\"\"\/><\/figure><\/div>\n\n<div class=\"wp-block-image\">\n<figure class=\"aligncenter\"><img data-recalc-dims=\"1\" height=\"461\" width=\"1024\" decoding=\"async\" src=\"https:\/\/i0.wp.com\/masatermica.online\/blog\/wp-content\/uploads\/2022\/04\/IMG_20220326_141611826.jpg?resize=1024%2C461&#038;ssl=1\" alt=\"\"\/><\/figure><\/div>\n\n<div class=\"wp-block-image\">\n<figure class=\"aligncenter size-large\"><img data-recalc-dims=\"1\" loading=\"lazy\" decoding=\"async\" width=\"768\" height=\"1024\" data-attachment-id=\"3013\" data-permalink=\"https:\/\/masatermica.online\/blog\/?attachment_id=3013#main\" data-orig-file=\"https:\/\/i0.wp.com\/masatermica.online\/blog\/wp-content\/uploads\/2024\/01\/06.jpg?fit=864%2C1152&amp;ssl=1\" data-orig-size=\"864,1152\" data-comments-opened=\"1\" data-image-meta=\"{&quot;aperture&quot;:&quot;1.7&quot;,&quot;credit&quot;:&quot;&quot;,&quot;camera&quot;:&quot;moto g(30)&quot;,&quot;caption&quot;:&quot;&quot;,&quot;created_timestamp&quot;:&quot;1705517987&quot;,&quot;copyright&quot;:&quot;&quot;,&quot;focal_length&quot;:&quot;4.74&quot;,&quot;iso&quot;:&quot;572&quot;,&quot;shutter_speed&quot;:&quot;0.03030303030303&quot;,&quot;title&quot;:&quot;&quot;,&quot;orientation&quot;:&quot;1&quot;}\" data-image-title=\"06\" data-image-description=\"\" data-image-caption=\"\" data-medium-file=\"https:\/\/i0.wp.com\/masatermica.online\/blog\/wp-content\/uploads\/2024\/01\/06.jpg?fit=225%2C300&amp;ssl=1\" data-large-file=\"https:\/\/i0.wp.com\/masatermica.online\/blog\/wp-content\/uploads\/2024\/01\/06.jpg?fit=768%2C1024&amp;ssl=1\" src=\"https:\/\/i0.wp.com\/masatermica.online\/blog\/wp-content\/uploads\/2024\/01\/06.jpg?resize=768%2C1024&#038;ssl=1\" alt=\"\" class=\"wp-image-3013\" srcset=\"https:\/\/i0.wp.com\/masatermica.online\/blog\/wp-content\/uploads\/2024\/01\/06.jpg?resize=768%2C1024&amp;ssl=1 768w, https:\/\/i0.wp.com\/masatermica.online\/blog\/wp-content\/uploads\/2024\/01\/06.jpg?resize=225%2C300&amp;ssl=1 225w, https:\/\/i0.wp.com\/masatermica.online\/blog\/wp-content\/uploads\/2024\/01\/06.jpg?w=864&amp;ssl=1 864w\" sizes=\"(max-width: 768px) 100vw, 768px\" \/><\/figure><\/div>\n\n<div class=\"wp-block-image\">\n<figure class=\"aligncenter size-large\"><img data-recalc-dims=\"1\" loading=\"lazy\" decoding=\"async\" width=\"1024\" height=\"461\" data-attachment-id=\"3014\" data-permalink=\"https:\/\/masatermica.online\/blog\/?attachment_id=3014#main\" data-orig-file=\"https:\/\/i0.wp.com\/masatermica.online\/blog\/wp-content\/uploads\/2024\/01\/02.jpg?fit=1152%2C519&amp;ssl=1\" data-orig-size=\"1152,519\" data-comments-opened=\"1\" data-image-meta=\"{&quot;aperture&quot;:&quot;1.7&quot;,&quot;credit&quot;:&quot;&quot;,&quot;camera&quot;:&quot;moto g(30)&quot;,&quot;caption&quot;:&quot;&quot;,&quot;created_timestamp&quot;:&quot;1705517762&quot;,&quot;copyright&quot;:&quot;&quot;,&quot;focal_length&quot;:&quot;4.74&quot;,&quot;iso&quot;:&quot;616&quot;,&quot;shutter_speed&quot;:&quot;0.05&quot;,&quot;title&quot;:&quot;&quot;,&quot;orientation&quot;:&quot;1&quot;}\" data-image-title=\"02\" data-image-description=\"\" data-image-caption=\"\" data-medium-file=\"https:\/\/i0.wp.com\/masatermica.online\/blog\/wp-content\/uploads\/2024\/01\/02.jpg?fit=300%2C135&amp;ssl=1\" data-large-file=\"https:\/\/i0.wp.com\/masatermica.online\/blog\/wp-content\/uploads\/2024\/01\/02.jpg?fit=1024%2C461&amp;ssl=1\" src=\"https:\/\/i0.wp.com\/masatermica.online\/blog\/wp-content\/uploads\/2024\/01\/02.jpg?resize=1024%2C461&#038;ssl=1\" alt=\"\" class=\"wp-image-3014\" srcset=\"https:\/\/i0.wp.com\/masatermica.online\/blog\/wp-content\/uploads\/2024\/01\/02.jpg?resize=1024%2C461&amp;ssl=1 1024w, https:\/\/i0.wp.com\/masatermica.online\/blog\/wp-content\/uploads\/2024\/01\/02.jpg?resize=300%2C135&amp;ssl=1 300w, https:\/\/i0.wp.com\/masatermica.online\/blog\/wp-content\/uploads\/2024\/01\/02.jpg?resize=768%2C346&amp;ssl=1 768w, https:\/\/i0.wp.com\/masatermica.online\/blog\/wp-content\/uploads\/2024\/01\/02.jpg?w=1152&amp;ssl=1 1152w\" sizes=\"(max-width: 1024px) 100vw, 1024px\" \/><\/figure><\/div>","protected":false},"excerpt":{"rendered":"<p>Una soluci\u00f3n de cocina cl\u00e1sica con un toque de eficiencia moderna. Este horno, con su ic\u00f3nico techo tipo b\u00f3veda, est\u00e1 dise\u00f1ado con las proporciones y materiales precisos para asegurar una cocci\u00f3n perfecta en cada uso. El Horno de Barro y Ladrillos es un claro testimonio de la excelencia artesanal. Construido con 200 ladrillos cocidos y &#8230; <a title=\"Horno de barro y ladrillos\" class=\"read-more\" href=\"https:\/\/masatermica.online\/blog\/?page_id=1520\" aria-label=\"M\u00e1s en Horno de barro y ladrillos\">Leer m\u00e1s<\/a><\/p>\n","protected":false},"author":1,"featured_media":0,"parent":0,"menu_order":0,"comment_status":"closed","ping_status":"closed","template":"","meta":{"give_campaign_id":0,"_monsterinsights_skip_tracking":false,"_monsterinsights_sitenote_active":false,"_monsterinsights_sitenote_note":"","_monsterinsights_sitenote_category":0,"advanced_seo_description":"","jetpack_seo_html_title":"","jetpack_seo_noindex":false,"footnotes":""},"class_list":["post-1520","page","type-page","status-publish"],"campaignId":"","jetpack-related-posts":[{"id":61,"url":"https:\/\/masatermica.online\/blog\/?page_id=61","url_meta":{"origin":1520,"position":0},"title":"Como funcionan","author":"Carlos Ponticelli","date":"27 marzo, 2020","format":false,"excerpt":"Estufas de masa Combusti\u00f3n completa Una combusti\u00f3n r\u00e1pida de una carga completa de le\u00f1a genera altas temperaturas capaces de quemar los gases que en las estufas de metal escapan a la atm\u00f3sfera, generando m\u00e1s calor y reduciendo la poluci\u00f3n. Bater\u00eda t\u00e9rmica El calor generado circula por el banco de la\u2026","rel":"","context":"Entrada similar ","block_context":{"text":"Entrada similar ","link":""},"img":{"alt_text":"","src":"https:\/\/i0.wp.com\/masatermica.online\/blog\/wp-content\/uploads\/2022\/01\/IMG_20211101_105252629-800-1.jpg?resize=350%2C200&ssl=1","width":350,"height":200,"srcset":"https:\/\/i0.wp.com\/masatermica.online\/blog\/wp-content\/uploads\/2022\/01\/IMG_20211101_105252629-800-1.jpg?resize=350%2C200&ssl=1 1x, https:\/\/i0.wp.com\/masatermica.online\/blog\/wp-content\/uploads\/2022\/01\/IMG_20211101_105252629-800-1.jpg?resize=525%2C300&ssl=1 1.5x"},"classes":[]},{"id":2847,"url":"https:\/\/masatermica.online\/blog\/?page_id=2847","url_meta":{"origin":1520,"position":1},"title":"Estufa Patag\u00f3nica con Horno","author":"adminblog","date":"17 marzo, 2023","format":false,"excerpt":"Una versi\u00f3n mejorada de nuestra aclamada Estufa Patag\u00f3nica que agrega una funcionalidad culinaria a su repertorio de caracter\u00edsticas destacadas. Este modelo incluye todas las prestaciones de la Estufa Patag\u00f3nica, con el agregado valioso de un horno blanco siempre activo. La Estufa Patag\u00f3nica con Horno te permite hornear a la vez\u2026","rel":"","context":"Entrada similar ","block_context":{"text":"Entrada similar ","link":""},"img":{"alt_text":"Ni\u00f1a en estufa de inercia t\u00e9rmica","src":"https:\/\/i0.wp.com\/masatermica.online\/blog\/wp-content\/uploads\/2023\/03\/IMG_20221221_173151825.jpg?resize=350%2C200&ssl=1","width":350,"height":200,"srcset":"https:\/\/i0.wp.com\/masatermica.online\/blog\/wp-content\/uploads\/2023\/03\/IMG_20221221_173151825.jpg?resize=350%2C200&ssl=1 1x, https:\/\/i0.wp.com\/masatermica.online\/blog\/wp-content\/uploads\/2023\/03\/IMG_20221221_173151825.jpg?resize=525%2C300&ssl=1 1.5x, https:\/\/i0.wp.com\/masatermica.online\/blog\/wp-content\/uploads\/2023\/03\/IMG_20221221_173151825.jpg?resize=700%2C400&ssl=1 2x"},"classes":[]},{"id":1393,"url":"https:\/\/masatermica.online\/blog\/?page_id=1393","url_meta":{"origin":1520,"position":2},"title":"Gymse combinada","author":"adminblog","date":"5 diciembre, 2021","format":false,"excerpt":"Una estufa de masa t\u00e9rmica que incorpora todas las caracter\u00edsticas excepcionales de la Gymse Tradicional con la adici\u00f3n de un horno siempre activo. Este modelo, adem\u00e1s de mejorar el confort de tu hogar y minimizar la manipulaci\u00f3n y fraccionamiento de le\u00f1a, te permite hornear deliciosas comidas gracias a su horno\u2026","rel":"","context":"Entrada similar ","block_context":{"text":"Entrada similar ","link":""},"img":{"alt_text":"","src":"https:\/\/i0.wp.com\/masatermica.online\/blog\/wp-content\/uploads\/2022\/02\/photo4945485340915903170.jpg?resize=350%2C200&ssl=1","width":350,"height":200,"srcset":"https:\/\/i0.wp.com\/masatermica.online\/blog\/wp-content\/uploads\/2022\/02\/photo4945485340915903170.jpg?resize=350%2C200&ssl=1 1x, https:\/\/i0.wp.com\/masatermica.online\/blog\/wp-content\/uploads\/2022\/02\/photo4945485340915903170.jpg?resize=525%2C300&ssl=1 1.5x, https:\/\/i0.wp.com\/masatermica.online\/blog\/wp-content\/uploads\/2022\/02\/photo4945485340915903170.jpg?resize=700%2C400&ssl=1 2x, https:\/\/i0.wp.com\/masatermica.online\/blog\/wp-content\/uploads\/2022\/02\/photo4945485340915903170.jpg?resize=1050%2C600&ssl=1 3x"},"classes":[]},{"id":1415,"url":"https:\/\/masatermica.online\/blog\/?page_id=1415","url_meta":{"origin":1520,"position":3},"title":"Gigante blanca","author":"adminblog","date":"5 diciembre, 2021","format":false,"excerpt":"Una verdadera obra maestra en el mundo de las estufas de masa t\u00e9rmica. Dise\u00f1ada y construida con la finalidad de satisfacer las necesidades de los espacios m\u00e1s amplios y con gran afluencia de personas, como hoteles y grandes establecimientos. Esta estufa se distingue por su gran c\u00e1mara de combusti\u00f3n que\u2026","rel":"","context":"Entrada similar ","block_context":{"text":"Entrada similar ","link":""},"img":{"alt_text":"Gigante Blanca en Hosteria Cuatro Lunas","src":"https:\/\/i0.wp.com\/masatermica.online\/blog\/wp-content\/uploads\/2024\/07\/IMG_20240620_154018-768x1024.jpg?resize=350%2C200&ssl=1","width":350,"height":200,"srcset":"https:\/\/i0.wp.com\/masatermica.online\/blog\/wp-content\/uploads\/2024\/07\/IMG_20240620_154018-768x1024.jpg?resize=350%2C200&ssl=1 1x, https:\/\/i0.wp.com\/masatermica.online\/blog\/wp-content\/uploads\/2024\/07\/IMG_20240620_154018-768x1024.jpg?resize=525%2C300&ssl=1 1.5x, https:\/\/i0.wp.com\/masatermica.online\/blog\/wp-content\/uploads\/2024\/07\/IMG_20240620_154018-768x1024.jpg?resize=700%2C400&ssl=1 2x"},"classes":[]},{"id":1544,"url":"https:\/\/masatermica.online\/blog\/?page_id=1544","url_meta":{"origin":1520,"position":4},"title":"Estufa Patag\u00f3nica","author":"adminblog","date":"23 abril, 2022","format":false,"excerpt":"Un modelo que combina eficiencia, econom\u00eda y sostenibilidad en un dise\u00f1o elegante y compacto. Esta estufa de masa t\u00e9rmica es capaz de emitir calor instant\u00e1neamente, mientras mantiene un consumo de le\u00f1a m\u00ednimo. Pese a ser nuestro modelo m\u00e1s econ\u00f3mico, su calidad y rendimiento est\u00e1n a la altura de las expectativas\u2026","rel":"","context":"Entrada similar ","block_context":{"text":"Entrada similar ","link":""},"img":{"alt_text":"","src":"https:\/\/i0.wp.com\/masatermica.online\/blog\/wp-content\/uploads\/2023\/03\/photo_4945354391658015896_y.jpg?resize=350%2C200&ssl=1","width":350,"height":200,"srcset":"https:\/\/i0.wp.com\/masatermica.online\/blog\/wp-content\/uploads\/2023\/03\/photo_4945354391658015896_y.jpg?resize=350%2C200&ssl=1 1x, https:\/\/i0.wp.com\/masatermica.online\/blog\/wp-content\/uploads\/2023\/03\/photo_4945354391658015896_y.jpg?resize=525%2C300&ssl=1 1.5x, https:\/\/i0.wp.com\/masatermica.online\/blog\/wp-content\/uploads\/2023\/03\/photo_4945354391658015896_y.jpg?resize=700%2C400&ssl=1 2x, https:\/\/i0.wp.com\/masatermica.online\/blog\/wp-content\/uploads\/2023\/03\/photo_4945354391658015896_y.jpg?resize=1050%2C600&ssl=1 3x"},"classes":[]},{"id":1402,"url":"https:\/\/masatermica.online\/blog\/?page_id=1402","url_meta":{"origin":1520,"position":5},"title":"Estufa cocinera &#8220;Cook&#8221;","author":"adminblog","date":"5 diciembre, 2021","format":false,"excerpt":"Un modelo que lleva la calefacci\u00f3n y la cocina a un nuevo nivel de eficiencia y conveniencia. Esta estufa cuenta con una plancha para cocinar, la cual puede variar en tama\u00f1o desde una peque\u00f1a hasta una tan grande como las de las viejas cocinas econ\u00f3micas. Adem\u00e1s, ofrece la ventaja de\u2026","rel":"","context":"Entrada similar ","block_context":{"text":"Entrada similar ","link":""},"img":{"alt_text":"","src":"https:\/\/i0.wp.com\/masatermica.online\/blog\/wp-content\/uploads\/2022\/02\/IMG_4074retouchlille-1.jpg?resize=350%2C200&ssl=1","width":350,"height":200,"srcset":"https:\/\/i0.wp.com\/masatermica.online\/blog\/wp-content\/uploads\/2022\/02\/IMG_4074retouchlille-1.jpg?resize=350%2C200&ssl=1 1x, https:\/\/i0.wp.com\/masatermica.online\/blog\/wp-content\/uploads\/2022\/02\/IMG_4074retouchlille-1.jpg?resize=525%2C300&ssl=1 1.5x, https:\/\/i0.wp.com\/masatermica.online\/blog\/wp-content\/uploads\/2022\/02\/IMG_4074retouchlille-1.jpg?resize=700%2C400&ssl=1 2x"},"classes":[]}],"jetpack_sharing_enabled":true,"jetpack_likes_enabled":false,"_links":{"self":[{"href":"https:\/\/masatermica.online\/blog\/index.php?rest_route=\/wp\/v2\/pages\/1520","targetHints":{"allow":["GET"]}}],"collection":[{"href":"https:\/\/masatermica.online\/blog\/index.php?rest_route=\/wp\/v2\/pages"}],"about":[{"href":"https:\/\/masatermica.online\/blog\/index.php?rest_route=\/wp\/v2\/types\/page"}],"author":[{"embeddable":true,"href":"https:\/\/masatermica.online\/blog\/index.php?rest_route=\/wp\/v2\/users\/1"}],"replies":[{"embeddable":true,"href":"https:\/\/masatermica.online\/blog\/index.php?rest_route=%2Fwp%2Fv2%2Fcomments&post=1520"}],"version-history":[{"count":15,"href":"https:\/\/masatermica.online\/blog\/index.php?rest_route=\/wp\/v2\/pages\/1520\/revisions"}],"predecessor-version":[{"id":3721,"href":"https:\/\/masatermica.online\/blog\/index.php?rest_route=\/wp\/v2\/pages\/1520\/revisions\/3721"}],"wp:attachment":[{"href":"https:\/\/masatermica.online\/blog\/index.php?rest_route=%2Fwp%2Fv2%2Fmedia&parent=1520"}],"curies":[{"name":"wp","href":"https:\/\/api.w.org\/{rel}","templated":true}]}}