{"id":1402,"date":"2021-12-05T10:18:14","date_gmt":"2021-12-05T13:18:14","guid":{"rendered":"https:\/\/masatermica.com\/blog\/?page_id=1402"},"modified":"2023-08-03T13:17:41","modified_gmt":"2023-08-03T16:17:41","slug":"estufa-cook","status":"publish","type":"page","link":"https:\/\/masatermica.online\/blog\/?page_id=1402","title":{"rendered":"Estufa cocinera &#8220;Cook&#8221;"},"content":{"rendered":"\n<p>Un modelo que <strong>lleva la calefacci\u00f3n y la cocina a un nuevo nivel de eficiencia y conveniencia<\/strong>. Esta estufa <strong>cuenta con una plancha para cocinar, <\/strong>la cual puede variar en tama\u00f1o desde una peque\u00f1a hasta una tan grande como las de las viejas cocinas econ\u00f3micas. Adem\u00e1s, <strong>ofrece la ventaja de mantener tu hogar c\u00e1lido por m\u00e1s de 12 horas<\/strong>.<\/p>\n\n\n<div class=\"wp-block-image\">\n<figure class=\"aligncenter size-large\"><img data-recalc-dims=\"1\" fetchpriority=\"high\" decoding=\"async\" width=\"949\" height=\"633\" data-attachment-id=\"1509\" data-permalink=\"https:\/\/masatermica.online\/blog\/?attachment_id=1509#main\" data-orig-file=\"https:\/\/i0.wp.com\/masatermica.online\/blog\/wp-content\/uploads\/2022\/02\/IMG_4070lille-1.jpg?fit=949%2C633&amp;ssl=1\" data-orig-size=\"949,633\" data-comments-opened=\"1\" data-image-meta=\"{&quot;aperture&quot;:&quot;0&quot;,&quot;credit&quot;:&quot;&quot;,&quot;camera&quot;:&quot;&quot;,&quot;caption&quot;:&quot;&quot;,&quot;created_timestamp&quot;:&quot;0&quot;,&quot;copyright&quot;:&quot;&quot;,&quot;focal_length&quot;:&quot;0&quot;,&quot;iso&quot;:&quot;0&quot;,&quot;shutter_speed&quot;:&quot;0&quot;,&quot;title&quot;:&quot;&quot;,&quot;orientation&quot;:&quot;0&quot;}\" data-image-title=\"IMG_4070lille-1\" data-image-description=\"\" data-image-caption=\"&lt;p&gt;Estufa Cook construida por Lars Helbro&lt;\/p&gt;\n\" data-medium-file=\"https:\/\/i0.wp.com\/masatermica.online\/blog\/wp-content\/uploads\/2022\/02\/IMG_4070lille-1.jpg?fit=300%2C200&amp;ssl=1\" data-large-file=\"https:\/\/i0.wp.com\/masatermica.online\/blog\/wp-content\/uploads\/2022\/02\/IMG_4070lille-1.jpg?fit=949%2C633&amp;ssl=1\" src=\"https:\/\/i0.wp.com\/masatermica.online\/blog\/wp-content\/uploads\/2022\/02\/IMG_4070lille-1.jpg?resize=949%2C633&#038;ssl=1\" alt=\"\" class=\"wp-image-1509\" srcset=\"https:\/\/i0.wp.com\/masatermica.online\/blog\/wp-content\/uploads\/2022\/02\/IMG_4070lille-1.jpg?w=949&amp;ssl=1 949w, https:\/\/i0.wp.com\/masatermica.online\/blog\/wp-content\/uploads\/2022\/02\/IMG_4070lille-1.jpg?resize=300%2C200&amp;ssl=1 300w, https:\/\/i0.wp.com\/masatermica.online\/blog\/wp-content\/uploads\/2022\/02\/IMG_4070lille-1.jpg?resize=768%2C512&amp;ssl=1 768w, https:\/\/i0.wp.com\/masatermica.online\/blog\/wp-content\/uploads\/2022\/02\/IMG_4070lille-1.jpg?resize=416%2C277&amp;ssl=1 416w\" sizes=\"(max-width: 949px) 100vw, 949px\" \/><figcaption class=\"wp-element-caption\">Estufa Cook construida por Lars Helbro<\/figcaption><\/figure><\/div>\n\n\n<p>La estufa &#8220;Cook&#8221; no s\u00f3lo es una <strong>estufa de masa t\u00e9rmica eficiente<\/strong> sino tambi\u00e9n una <strong>soluci\u00f3n culinaria<\/strong>. Aunque este modelo no cuenta con horno, <strong>su plancha de fundici\u00f3n te permitir\u00e1 cocinar deliciosos platos mientras mantienes tu hogar a una temperatura agradable<\/strong>.<\/p>\n\n\n<div class=\"wp-block-image\">\n<figure class=\"aligncenter size-large\"><img data-recalc-dims=\"1\" decoding=\"async\" width=\"882\" height=\"588\" data-attachment-id=\"1510\" data-permalink=\"https:\/\/masatermica.online\/blog\/?attachment_id=1510#main\" data-orig-file=\"https:\/\/i0.wp.com\/masatermica.online\/blog\/wp-content\/uploads\/2022\/02\/IMG_4074retouchlille-1.jpg?fit=882%2C588&amp;ssl=1\" data-orig-size=\"882,588\" data-comments-opened=\"1\" data-image-meta=\"{&quot;aperture&quot;:&quot;0&quot;,&quot;credit&quot;:&quot;&quot;,&quot;camera&quot;:&quot;&quot;,&quot;caption&quot;:&quot;&quot;,&quot;created_timestamp&quot;:&quot;0&quot;,&quot;copyright&quot;:&quot;&quot;,&quot;focal_length&quot;:&quot;0&quot;,&quot;iso&quot;:&quot;0&quot;,&quot;shutter_speed&quot;:&quot;0&quot;,&quot;title&quot;:&quot;&quot;,&quot;orientation&quot;:&quot;0&quot;}\" data-image-title=\"IMG_4074retouchlille-1\" data-image-description=\"\" data-image-caption=\"&lt;p&gt;Estufa Cook construida por Lars Helbro&lt;\/p&gt;\n\" data-medium-file=\"https:\/\/i0.wp.com\/masatermica.online\/blog\/wp-content\/uploads\/2022\/02\/IMG_4074retouchlille-1.jpg?fit=300%2C200&amp;ssl=1\" data-large-file=\"https:\/\/i0.wp.com\/masatermica.online\/blog\/wp-content\/uploads\/2022\/02\/IMG_4074retouchlille-1.jpg?fit=882%2C588&amp;ssl=1\" src=\"https:\/\/i0.wp.com\/masatermica.online\/blog\/wp-content\/uploads\/2022\/02\/IMG_4074retouchlille-1.jpg?resize=882%2C588&#038;ssl=1\" alt=\"\" class=\"wp-image-1510\" srcset=\"https:\/\/i0.wp.com\/masatermica.online\/blog\/wp-content\/uploads\/2022\/02\/IMG_4074retouchlille-1.jpg?w=882&amp;ssl=1 882w, https:\/\/i0.wp.com\/masatermica.online\/blog\/wp-content\/uploads\/2022\/02\/IMG_4074retouchlille-1.jpg?resize=300%2C200&amp;ssl=1 300w, https:\/\/i0.wp.com\/masatermica.online\/blog\/wp-content\/uploads\/2022\/02\/IMG_4074retouchlille-1.jpg?resize=768%2C512&amp;ssl=1 768w, https:\/\/i0.wp.com\/masatermica.online\/blog\/wp-content\/uploads\/2022\/02\/IMG_4074retouchlille-1.jpg?resize=416%2C277&amp;ssl=1 416w\" sizes=\"(max-width: 882px) 100vw, 882px\" \/><figcaption class=\"wp-element-caption\">Estufa Cook construida por Lars Helbro<\/figcaption><\/figure><\/div>\n\n\n<p>Construida con 800 ladrillos cocidos y 70 ladrillos refractarios, la estufa &#8220;Cook&#8221; es <strong>robusta y duradera<\/strong>, asegurando un rendimiento confiable a largo plazo. Adem\u00e1s, su <strong>banco de 3 metros<\/strong> proporciona un espacio c\u00f3modo para disfrutar del calor.<\/p>\n\n\n<div class=\"wp-block-image\">\n<figure class=\"aligncenter size-large\"><img data-recalc-dims=\"1\" decoding=\"async\" width=\"1000\" height=\"666\" data-attachment-id=\"1506\" data-permalink=\"https:\/\/masatermica.online\/blog\/?attachment_id=1506#main\" data-orig-file=\"https:\/\/i0.wp.com\/masatermica.online\/blog\/wp-content\/uploads\/2022\/02\/IMG_2479.jpg?fit=1000%2C666&amp;ssl=1\" data-orig-size=\"1000,666\" data-comments-opened=\"1\" data-image-meta=\"{&quot;aperture&quot;:&quot;0&quot;,&quot;credit&quot;:&quot;&quot;,&quot;camera&quot;:&quot;&quot;,&quot;caption&quot;:&quot;&quot;,&quot;created_timestamp&quot;:&quot;0&quot;,&quot;copyright&quot;:&quot;&quot;,&quot;focal_length&quot;:&quot;0&quot;,&quot;iso&quot;:&quot;0&quot;,&quot;shutter_speed&quot;:&quot;0&quot;,&quot;title&quot;:&quot;&quot;,&quot;orientation&quot;:&quot;0&quot;}\" data-image-title=\"IMG_2479\" data-image-description=\"\" data-image-caption=\"&lt;p&gt;Estufa Cook construida por Lars Helbro&lt;\/p&gt;\n\" data-medium-file=\"https:\/\/i0.wp.com\/masatermica.online\/blog\/wp-content\/uploads\/2022\/02\/IMG_2479.jpg?fit=300%2C200&amp;ssl=1\" data-large-file=\"https:\/\/i0.wp.com\/masatermica.online\/blog\/wp-content\/uploads\/2022\/02\/IMG_2479.jpg?fit=1000%2C666&amp;ssl=1\" src=\"https:\/\/i0.wp.com\/masatermica.online\/blog\/wp-content\/uploads\/2022\/02\/IMG_2479.jpg?resize=1000%2C666&#038;ssl=1\" alt=\"\" class=\"wp-image-1506\" srcset=\"https:\/\/i0.wp.com\/masatermica.online\/blog\/wp-content\/uploads\/2022\/02\/IMG_2479.jpg?w=1000&amp;ssl=1 1000w, https:\/\/i0.wp.com\/masatermica.online\/blog\/wp-content\/uploads\/2022\/02\/IMG_2479.jpg?resize=300%2C200&amp;ssl=1 300w, https:\/\/i0.wp.com\/masatermica.online\/blog\/wp-content\/uploads\/2022\/02\/IMG_2479.jpg?resize=768%2C511&amp;ssl=1 768w, https:\/\/i0.wp.com\/masatermica.online\/blog\/wp-content\/uploads\/2022\/02\/IMG_2479.jpg?resize=416%2C277&amp;ssl=1 416w\" sizes=\"(max-width: 1000px) 100vw, 1000px\" \/><figcaption class=\"wp-element-caption\">Estufa Cook construida por Lars Helbro<\/figcaption><\/figure><\/div>\n\n\n<p>La estufa cocinera \u201cCook\u201d <strong>puede calefaccionar superficies de hasta 100 metros cuadrados<\/strong>, lo que la hace perfecta para hogares y espacios de tama\u00f1o medio.<\/p>\n\n\n<div class=\"wp-block-image\">\n<figure class=\"aligncenter size-large\"><img data-recalc-dims=\"1\" loading=\"lazy\" decoding=\"async\" width=\"575\" height=\"1024\" data-attachment-id=\"1404\" data-permalink=\"https:\/\/masatermica.online\/blog\/?attachment_id=1404#main\" data-orig-file=\"https:\/\/i0.wp.com\/masatermica.online\/blog\/wp-content\/uploads\/2021\/12\/IMG_20210123_164211.jpg?fit=1168%2C2080&amp;ssl=1\" data-orig-size=\"1168,2080\" data-comments-opened=\"1\" data-image-meta=\"{&quot;aperture&quot;:&quot;2&quot;,&quot;credit&quot;:&quot;&quot;,&quot;camera&quot;:&quot;ALE-L23&quot;,&quot;caption&quot;:&quot;binary comment&quot;,&quot;created_timestamp&quot;:&quot;1611420132&quot;,&quot;copyright&quot;:&quot;&quot;,&quot;focal_length&quot;:&quot;3.68&quot;,&quot;iso&quot;:&quot;500&quot;,&quot;shutter_speed&quot;:&quot;0.033333333333333&quot;,&quot;title&quot;:&quot;charset=Ascii binary comment&quot;,&quot;orientation&quot;:&quot;1&quot;}\" data-image-title=\"charset=Ascii binary comment\" data-image-description=\"\" data-image-caption=\"&lt;p&gt;binary comment&lt;\/p&gt;\n\" data-medium-file=\"https:\/\/i0.wp.com\/masatermica.online\/blog\/wp-content\/uploads\/2021\/12\/IMG_20210123_164211.jpg?fit=168%2C300&amp;ssl=1\" data-large-file=\"https:\/\/i0.wp.com\/masatermica.online\/blog\/wp-content\/uploads\/2021\/12\/IMG_20210123_164211.jpg?fit=575%2C1024&amp;ssl=1\" src=\"https:\/\/i0.wp.com\/masatermica.online\/blog\/wp-content\/uploads\/2021\/12\/IMG_20210123_164211.jpg?resize=575%2C1024&#038;ssl=1\" alt=\"\" class=\"wp-image-1404\" srcset=\"https:\/\/i0.wp.com\/masatermica.online\/blog\/wp-content\/uploads\/2021\/12\/IMG_20210123_164211.jpg?resize=575%2C1024&amp;ssl=1 575w, https:\/\/i0.wp.com\/masatermica.online\/blog\/wp-content\/uploads\/2021\/12\/IMG_20210123_164211.jpg?resize=168%2C300&amp;ssl=1 168w, https:\/\/i0.wp.com\/masatermica.online\/blog\/wp-content\/uploads\/2021\/12\/IMG_20210123_164211.jpg?resize=768%2C1368&amp;ssl=1 768w, https:\/\/i0.wp.com\/masatermica.online\/blog\/wp-content\/uploads\/2021\/12\/IMG_20210123_164211.jpg?resize=863%2C1536&amp;ssl=1 863w, https:\/\/i0.wp.com\/masatermica.online\/blog\/wp-content\/uploads\/2021\/12\/IMG_20210123_164211.jpg?resize=1150%2C2048&amp;ssl=1 1150w, https:\/\/i0.wp.com\/masatermica.online\/blog\/wp-content\/uploads\/2021\/12\/IMG_20210123_164211.jpg?resize=416%2C741&amp;ssl=1 416w, https:\/\/i0.wp.com\/masatermica.online\/blog\/wp-content\/uploads\/2021\/12\/IMG_20210123_164211.jpg?w=1168&amp;ssl=1 1168w\" sizes=\"(max-width: 575px) 100vw, 575px\" \/><\/figure><\/div>\n\n\n<p>Si est\u00e1s buscando una estufa de masa t\u00e9rmica que combine <strong>eficiencia en la calefacci\u00f3n con funcionalidad culinaria<\/strong>, la estufa cocinera \u201cCook\u201d es tu elecci\u00f3n ideal.<\/p>\n\n\n<div class=\"wp-block-image\">\n<figure class=\"aligncenter size-large\"><img data-recalc-dims=\"1\" loading=\"lazy\" decoding=\"async\" width=\"1024\" height=\"578\" data-attachment-id=\"1403\" data-permalink=\"https:\/\/masatermica.online\/blog\/?attachment_id=1403#main\" data-orig-file=\"https:\/\/i0.wp.com\/masatermica.online\/blog\/wp-content\/uploads\/2021\/12\/Encendida.png?fit=1206%2C681&amp;ssl=1\" data-orig-size=\"1206,681\" data-comments-opened=\"1\" data-image-meta=\"{&quot;aperture&quot;:&quot;0&quot;,&quot;credit&quot;:&quot;&quot;,&quot;camera&quot;:&quot;&quot;,&quot;caption&quot;:&quot;&quot;,&quot;created_timestamp&quot;:&quot;0&quot;,&quot;copyright&quot;:&quot;&quot;,&quot;focal_length&quot;:&quot;0&quot;,&quot;iso&quot;:&quot;0&quot;,&quot;shutter_speed&quot;:&quot;0&quot;,&quot;title&quot;:&quot;&quot;,&quot;orientation&quot;:&quot;0&quot;}\" data-image-title=\"Encendida\" data-image-description=\"\" data-image-caption=\"\" data-medium-file=\"https:\/\/i0.wp.com\/masatermica.online\/blog\/wp-content\/uploads\/2021\/12\/Encendida.png?fit=300%2C169&amp;ssl=1\" data-large-file=\"https:\/\/i0.wp.com\/masatermica.online\/blog\/wp-content\/uploads\/2021\/12\/Encendida.png?fit=1024%2C578&amp;ssl=1\" src=\"https:\/\/i0.wp.com\/masatermica.online\/blog\/wp-content\/uploads\/2021\/12\/Encendida.png?resize=1024%2C578&#038;ssl=1\" alt=\"\" class=\"wp-image-1403\" srcset=\"https:\/\/i0.wp.com\/masatermica.online\/blog\/wp-content\/uploads\/2021\/12\/Encendida.png?resize=1024%2C578&amp;ssl=1 1024w, https:\/\/i0.wp.com\/masatermica.online\/blog\/wp-content\/uploads\/2021\/12\/Encendida.png?resize=300%2C169&amp;ssl=1 300w, https:\/\/i0.wp.com\/masatermica.online\/blog\/wp-content\/uploads\/2021\/12\/Encendida.png?resize=768%2C434&amp;ssl=1 768w, https:\/\/i0.wp.com\/masatermica.online\/blog\/wp-content\/uploads\/2021\/12\/Encendida.png?resize=416%2C235&amp;ssl=1 416w, https:\/\/i0.wp.com\/masatermica.online\/blog\/wp-content\/uploads\/2021\/12\/Encendida.png?w=1206&amp;ssl=1 1206w\" sizes=\"(max-width: 1024px) 100vw, 1024px\" \/><\/figure><\/div>","protected":false},"excerpt":{"rendered":"<p>Un modelo que lleva la calefacci\u00f3n y la cocina a un nuevo nivel de eficiencia y conveniencia. Esta estufa cuenta con una plancha para cocinar, la cual puede variar en tama\u00f1o desde una peque\u00f1a hasta una tan grande como las de las viejas cocinas econ\u00f3micas. Adem\u00e1s, ofrece la ventaja de mantener tu hogar c\u00e1lido por &#8230; <a title=\"Estufa cocinera &#8220;Cook&#8221;\" class=\"read-more\" href=\"https:\/\/masatermica.online\/blog\/?page_id=1402\" aria-label=\"M\u00e1s en Estufa cocinera &#8220;Cook&#8221;\">Leer m\u00e1s<\/a><\/p>\n","protected":false},"author":1,"featured_media":0,"parent":0,"menu_order":0,"comment_status":"closed","ping_status":"closed","template":"","meta":{"give_campaign_id":0,"_monsterinsights_skip_tracking":false,"_monsterinsights_sitenote_active":false,"_monsterinsights_sitenote_note":"","_monsterinsights_sitenote_category":0,"advanced_seo_description":"","jetpack_seo_html_title":"","jetpack_seo_noindex":false,"footnotes":""},"class_list":["post-1402","page","type-page","status-publish"],"campaignId":"","jetpack-related-posts":[{"id":45,"url":"https:\/\/masatermica.online\/blog\/?page_id=45","url_meta":{"origin":1402,"position":0},"title":"Quienes somos","author":"Carlos Ponticelli","date":"27 marzo, 2020","format":false,"excerpt":"La vida en las monta\u00f1as de la Patagonia Argentina nos impuls\u00f3 a investigar las mejores formas de calefacci\u00f3n, y as\u00ed conocimos las estufas Gymse y Rocket. Ambas familias de estufas pueden extraer entre el 70% y el 90% del poder cal\u00f3rico de la le\u00f1a, a diferencia de las estufas de\u2026","rel":"","context":"Entrada similar ","block_context":{"text":"Entrada similar ","link":""},"img":{"alt_text":"Masa T\u00e9rmica","src":"https:\/\/i0.wp.com\/masatermica.online\/blog\/wp-content\/uploads\/2021\/07\/cropped-LogoBl.png?resize=350%2C200&ssl=1","width":350,"height":200},"classes":[]},{"id":1544,"url":"https:\/\/masatermica.online\/blog\/?page_id=1544","url_meta":{"origin":1402,"position":1},"title":"Estufa Patag\u00f3nica","author":"adminblog","date":"23 abril, 2022","format":false,"excerpt":"Un modelo que combina eficiencia, econom\u00eda y sostenibilidad en un dise\u00f1o elegante y compacto. Esta estufa de masa t\u00e9rmica es capaz de emitir calor instant\u00e1neamente, mientras mantiene un consumo de le\u00f1a m\u00ednimo. Pese a ser nuestro modelo m\u00e1s econ\u00f3mico, su calidad y rendimiento est\u00e1n a la altura de las expectativas\u2026","rel":"","context":"Entrada similar ","block_context":{"text":"Entrada similar ","link":""},"img":{"alt_text":"","src":"https:\/\/i0.wp.com\/masatermica.online\/blog\/wp-content\/uploads\/2023\/03\/photo_4945354391658015896_y.jpg?resize=350%2C200&ssl=1","width":350,"height":200,"srcset":"https:\/\/i0.wp.com\/masatermica.online\/blog\/wp-content\/uploads\/2023\/03\/photo_4945354391658015896_y.jpg?resize=350%2C200&ssl=1 1x, https:\/\/i0.wp.com\/masatermica.online\/blog\/wp-content\/uploads\/2023\/03\/photo_4945354391658015896_y.jpg?resize=525%2C300&ssl=1 1.5x, https:\/\/i0.wp.com\/masatermica.online\/blog\/wp-content\/uploads\/2023\/03\/photo_4945354391658015896_y.jpg?resize=700%2C400&ssl=1 2x, https:\/\/i0.wp.com\/masatermica.online\/blog\/wp-content\/uploads\/2023\/03\/photo_4945354391658015896_y.jpg?resize=1050%2C600&ssl=1 3x"},"classes":[]},{"id":2847,"url":"https:\/\/masatermica.online\/blog\/?page_id=2847","url_meta":{"origin":1402,"position":2},"title":"Estufa Patag\u00f3nica con Horno","author":"adminblog","date":"17 marzo, 2023","format":false,"excerpt":"Una versi\u00f3n mejorada de nuestra aclamada Estufa Patag\u00f3nica que agrega una funcionalidad culinaria a su repertorio de caracter\u00edsticas destacadas. Este modelo incluye todas las prestaciones de la Estufa Patag\u00f3nica, con el agregado valioso de un horno blanco siempre activo. La Estufa Patag\u00f3nica con Horno te permite hornear a la vez\u2026","rel":"","context":"Entrada similar ","block_context":{"text":"Entrada similar ","link":""},"img":{"alt_text":"Ni\u00f1a en estufa de inercia t\u00e9rmica","src":"https:\/\/i0.wp.com\/masatermica.online\/blog\/wp-content\/uploads\/2023\/03\/IMG_20221221_173151825.jpg?resize=350%2C200&ssl=1","width":350,"height":200,"srcset":"https:\/\/i0.wp.com\/masatermica.online\/blog\/wp-content\/uploads\/2023\/03\/IMG_20221221_173151825.jpg?resize=350%2C200&ssl=1 1x, https:\/\/i0.wp.com\/masatermica.online\/blog\/wp-content\/uploads\/2023\/03\/IMG_20221221_173151825.jpg?resize=525%2C300&ssl=1 1.5x, https:\/\/i0.wp.com\/masatermica.online\/blog\/wp-content\/uploads\/2023\/03\/IMG_20221221_173151825.jpg?resize=700%2C400&ssl=1 2x"},"classes":[]},{"id":1377,"url":"https:\/\/masatermica.online\/blog\/?page_id=1377","url_meta":{"origin":1402,"position":3},"title":"Estufa Gymse Tradicional","author":"adminblog","date":"5 diciembre, 2021","format":false,"excerpt":"Im\u00e1genes de estufas Gymse tradicionales","rel":"","context":"Entrada similar ","block_context":{"text":"Entrada similar ","link":""},"img":{"alt_text":"Gymse tradicional con chimenea torsionada","src":"https:\/\/i0.wp.com\/masatermica.online\/blog\/wp-content\/uploads\/2022\/02\/photo4945485340915903179.jpg?resize=350%2C200&ssl=1","width":350,"height":200,"srcset":"https:\/\/i0.wp.com\/masatermica.online\/blog\/wp-content\/uploads\/2022\/02\/photo4945485340915903179.jpg?resize=350%2C200&ssl=1 1x, https:\/\/i0.wp.com\/masatermica.online\/blog\/wp-content\/uploads\/2022\/02\/photo4945485340915903179.jpg?resize=525%2C300&ssl=1 1.5x, https:\/\/i0.wp.com\/masatermica.online\/blog\/wp-content\/uploads\/2022\/02\/photo4945485340915903179.jpg?resize=700%2C400&ssl=1 2x, https:\/\/i0.wp.com\/masatermica.online\/blog\/wp-content\/uploads\/2022\/02\/photo4945485340915903179.jpg?resize=1050%2C600&ssl=1 3x"},"classes":[]},{"id":1393,"url":"https:\/\/masatermica.online\/blog\/?page_id=1393","url_meta":{"origin":1402,"position":4},"title":"Gymse combinada","author":"adminblog","date":"5 diciembre, 2021","format":false,"excerpt":"Una estufa de masa t\u00e9rmica que incorpora todas las caracter\u00edsticas excepcionales de la Gymse Tradicional con la adici\u00f3n de un horno siempre activo. Este modelo, adem\u00e1s de mejorar el confort de tu hogar y minimizar la manipulaci\u00f3n y fraccionamiento de le\u00f1a, te permite hornear deliciosas comidas gracias a su horno\u2026","rel":"","context":"Entrada similar ","block_context":{"text":"Entrada similar ","link":""},"img":{"alt_text":"","src":"https:\/\/i0.wp.com\/masatermica.online\/blog\/wp-content\/uploads\/2022\/02\/photo4945485340915903170.jpg?resize=350%2C200&ssl=1","width":350,"height":200,"srcset":"https:\/\/i0.wp.com\/masatermica.online\/blog\/wp-content\/uploads\/2022\/02\/photo4945485340915903170.jpg?resize=350%2C200&ssl=1 1x, https:\/\/i0.wp.com\/masatermica.online\/blog\/wp-content\/uploads\/2022\/02\/photo4945485340915903170.jpg?resize=525%2C300&ssl=1 1.5x, https:\/\/i0.wp.com\/masatermica.online\/blog\/wp-content\/uploads\/2022\/02\/photo4945485340915903170.jpg?resize=700%2C400&ssl=1 2x, https:\/\/i0.wp.com\/masatermica.online\/blog\/wp-content\/uploads\/2022\/02\/photo4945485340915903170.jpg?resize=1050%2C600&ssl=1 3x"},"classes":[]},{"id":1408,"url":"https:\/\/masatermica.online\/blog\/?page_id=1408","url_meta":{"origin":1402,"position":5},"title":"Cocina rock","author":"adminblog","date":"5 diciembre, 2021","format":false,"excerpt":"La cocina Rock es una fusi\u00f3n entre las tecnolog\u00edas Rocket y Gymse. Es una estufa prestaciones an\u00e1logas que las de una Gymse, pero con superficie para cocinar realizada con un tambor reciclado. Puede tener banco de masa. Es la mejor opci\u00f3n cuando no hay presupuesto para construir una Gymse, pero\u2026","rel":"","context":"Entrada similar ","block_context":{"text":"Entrada similar ","link":""},"img":{"alt_text":"","src":"https:\/\/i0.wp.com\/masatermica.online\/blog\/wp-content\/uploads\/2022\/02\/IMG_20201220_190121.jpg?resize=350%2C200&ssl=1","width":350,"height":200},"classes":[]}],"jetpack_sharing_enabled":true,"jetpack_likes_enabled":false,"_links":{"self":[{"href":"https:\/\/masatermica.online\/blog\/index.php?rest_route=\/wp\/v2\/pages\/1402","targetHints":{"allow":["GET"]}}],"collection":[{"href":"https:\/\/masatermica.online\/blog\/index.php?rest_route=\/wp\/v2\/pages"}],"about":[{"href":"https:\/\/masatermica.online\/blog\/index.php?rest_route=\/wp\/v2\/types\/page"}],"author":[{"embeddable":true,"href":"https:\/\/masatermica.online\/blog\/index.php?rest_route=\/wp\/v2\/users\/1"}],"replies":[{"embeddable":true,"href":"https:\/\/masatermica.online\/blog\/index.php?rest_route=%2Fwp%2Fv2%2Fcomments&post=1402"}],"version-history":[{"count":6,"href":"https:\/\/masatermica.online\/blog\/index.php?rest_route=\/wp\/v2\/pages\/1402\/revisions"}],"predecessor-version":[{"id":2896,"href":"https:\/\/masatermica.online\/blog\/index.php?rest_route=\/wp\/v2\/pages\/1402\/revisions\/2896"}],"wp:attachment":[{"href":"https:\/\/masatermica.online\/blog\/index.php?rest_route=%2Fwp%2Fv2%2Fmedia&parent=1402"}],"curies":[{"name":"wp","href":"https:\/\/api.w.org\/{rel}","templated":true}]}}